{"id":5117,"date":"2025-08-11T16:36:02","date_gmt":"2025-08-11T16:36:02","guid":{"rendered":"https:\/\/unitedwaytriangle.org\/?page_id=5117"},"modified":"2026-03-31T17:16:47","modified_gmt":"2026-03-31T17:16:47","slug":"mission","status":"publish","type":"page","link":"https:\/\/unitedwaytriangle.org\/es\/mission\/","title":{"rendered":"Misi\u00f3n"},"content":{"rendered":"<div data-elementor-type=\"wp-page\" data-elementor-id=\"5117\" class=\"elementor elementor-5117\" data-elementor-post-type=\"page\">\n\t\t\t\t<div class=\"elementor-element elementor-element-e4cb6a5 e-flex e-con-boxed e-con e-parent\" data-id=\"e4cb6a5\" data-element_type=\"container\" data-e-type=\"container\" data-settings=\"{&quot;background_background&quot;:&quot;classic&quot;}\">\n\t\t\t\t\t<div class=\"e-con-inner\">\n\t\t<div class=\"elementor-element elementor-element-75cbdf6 e-con-full e-flex e-con e-child\" data-id=\"75cbdf6\" data-element_type=\"container\" data-e-type=\"container\" data-aos=\"fade-right\" data-aos-delay=\"0\">\n\t\t\t\t<div class=\"elementor-element elementor-element-a0ede80 elementor-widget elementor-widget-heading\" data-id=\"a0ede80\" data-element_type=\"widget\" data-e-type=\"widget\" data-widget_type=\"heading.default\">\n\t\t\t\t\t<h1 class=\"elementor-heading-title elementor-size-default\">Nuestra misi\u00f3n<\/h1>\t\t\t\t<\/div>\n\t\t\t\t<div class=\"elementor-element elementor-element-9f017b7 elementor-widget elementor-widget-text-editor\" data-id=\"9f017b7\" data-element_type=\"widget\" data-e-type=\"widget\" data-widget_type=\"text-editor.default\">\n\t\t\t\t\t\t\t\t\tWe invest in, convene, and amplify community-driven solutions so everyone in the Triangle can thrive.\t\t\t\t\t\t\t\t<\/div>\n\t\t\t\t<\/div>\n\t\t\t\t\t<\/div>\n\t\t\t\t<\/div>\n\t\t<div class=\"elementor-element elementor-element-61e5cfe e-flex e-con-boxed e-con e-parent\" data-id=\"61e5cfe\" data-element_type=\"container\" data-e-type=\"container\">\n\t\t\t\t\t<div class=\"e-con-inner\">\n\t\t\t\t<div class=\"elementor-element elementor-element-150dcde elementor-widget elementor-widget-heading\" data-id=\"150dcde\" data-element_type=\"widget\" data-e-type=\"widget\" data-widget_type=\"heading.default\">\n\t\t\t\t\t<h2 class=\"elementor-heading-title elementor-size-default\">Qui\u00e9nes somos<\/h2>\t\t\t\t<\/div>\n\t\t<div class=\"elementor-element elementor-element-a600fda e-grid e-con-full e-con e-child\" data-id=\"a600fda\" data-element_type=\"container\" data-e-type=\"container\" data-aos=\"fade-up\" data-aos-delay=\"0\">\n\t\t\t\t<div class=\"elementor-element elementor-element-db0a32d elementor-widget elementor-widget-text-editor\" data-id=\"db0a32d\" data-element_type=\"widget\" data-e-type=\"widget\" data-widget_type=\"text-editor.default\">\n\t\t\t\t\t\t\t\t\t<p>Reunimos a personas y recursos para resolver problemas complejos en los condados de Wake, Durham, Orange y Johnston. Nos centramos en lo que hace falta para que los ni\u00f1os prosperen, las familias alcancen la estabilidad y las comunidades prosperen.<\/p><p>Al apoyar nuestro trabajo, inviertes en un fondo com\u00fan de impacto social: estabilidad de la vivienda, acceso a los alimentos, asistencia sanitaria, salud mental, educaci\u00f3n y desarrollo de la mano de obra. Estas ayudas interconectadas fortalecen nuestras comunidades y mejoran vidas.<\/p>\t\t\t\t\t\t\t\t<\/div>\n\t\t\t\t<div class=\"elementor-element elementor-element-0f8818e elementor-widget elementor-widget-text-editor\" data-id=\"0f8818e\" data-element_type=\"widget\" data-e-type=\"widget\" data-widget_type=\"text-editor.default\">\n\t\t\t\t\t\t\t\t\t<p>Mediante el poder de las asociaciones, trabajamos para erradicar la pobreza y aumentar la movilidad social. Nos asociamos con las organizaciones m\u00e1s cercanas al trabajo, respondemos a las necesidades urgentes y construimos soluciones a largo plazo que rompen los ciclos de pobreza e inequidad.<\/p><p>Cada d\u00f3lar, cada acci\u00f3n y cada asociaci\u00f3n ayudan a nuestra regi\u00f3n a avanzar hacia mayores oportunidades y una prosperidad compartida. El cambio es posible cuando actuamos juntos. Ese es el poder de una comunidad unida.<\/p>\t\t\t\t\t\t\t\t<\/div>\n\t\t\t\t<\/div>\n\t\t\t\t\t<\/div>\n\t\t\t\t<\/div>\n\t\t<div class=\"elementor-element elementor-element-280c83d e-flex e-con-boxed e-con e-parent\" data-id=\"280c83d\" data-element_type=\"container\" data-e-type=\"container\" data-settings=\"{&quot;background_background&quot;:&quot;classic&quot;}\">\n\t\t\t\t\t<div class=\"e-con-inner\">\n\t\t\t\t<div class=\"elementor-element elementor-element-6adc9f9 elementor-widget__width-inherit elementor-widget elementor-widget-heading\" data-id=\"6adc9f9\" data-element_type=\"widget\" data-e-type=\"widget\" data-widget_type=\"heading.default\">\n\t\t\t\t\t<h2 class=\"elementor-heading-title elementor-size-default\">Valores fundamentales<\/h2>\t\t\t\t<\/div>\n\t\t<div class=\"elementor-element elementor-element-91ea005 e-con-full Mission-CoreValue-BG e-flex e-con e-child\" data-id=\"91ea005\" data-element_type=\"container\" data-e-type=\"container\" data-settings=\"{&quot;background_background&quot;:&quot;classic&quot;,&quot;position&quot;:&quot;absolute&quot;}\">\n\t\t\t\t<\/div>\n\t\t\t\t<div class=\"elementor-element elementor-element-103edbf elementor-widget elementor-widget-spacer\" data-id=\"103edbf\" data-element_type=\"widget\" data-e-type=\"widget\" data-widget_type=\"spacer.default\">\n\t\t\t\t\t\t\t<div class=\"elementor-spacer\">\n\t\t\t<div class=\"elementor-spacer-inner\"><\/div>\n\t\t<\/div>\n\t\t\t\t\t\t<\/div>\n\t\t<div class=\"elementor-element elementor-element-5b10bd2 e-grid e-con-boxed e-con e-child\" data-id=\"5b10bd2\" data-element_type=\"container\" data-e-type=\"container\">\n\t\t\t\t\t<div class=\"e-con-inner\">\n\t\t<div class=\"elementor-element elementor-element-c0b14d6 .core-values-box e-transform e-con-full e-flex e-con e-child\" data-id=\"c0b14d6\" data-element_type=\"container\" data-e-type=\"container\" data-settings=\"{&quot;background_background&quot;:&quot;classic&quot;,&quot;_transform_scale_effect_hover&quot;:{&quot;unit&quot;:&quot;px&quot;,&quot;size&quot;:1.05,&quot;sizes&quot;:[]},&quot;_transform_scale_effect_hover_laptop&quot;:{&quot;unit&quot;:&quot;px&quot;,&quot;size&quot;:&quot;&quot;,&quot;sizes&quot;:[]},&quot;_transform_scale_effect_hover_tablet&quot;:{&quot;unit&quot;:&quot;px&quot;,&quot;size&quot;:&quot;&quot;,&quot;sizes&quot;:[]},&quot;_transform_scale_effect_hover_mobile&quot;:{&quot;unit&quot;:&quot;px&quot;,&quot;size&quot;:&quot;&quot;,&quot;sizes&quot;:[]}}\">\n\t\t\t\t<div class=\"elementor-element elementor-element-5e125fa elementor-widget elementor-widget-heading\" data-id=\"5e125fa\" data-element_type=\"widget\" data-e-type=\"widget\" data-widget_type=\"heading.default\">\n\t\t\t\t\t<h3 class=\"elementor-heading-title elementor-size-default\">Centrar la comunidad<\/h3>\t\t\t\t<\/div>\n\t\t\t\t<div class=\"elementor-element elementor-element-c7a821a elementor-widget elementor-widget-text-editor\" data-id=\"c7a821a\" data-element_type=\"widget\" data-e-type=\"widget\" data-widget_type=\"text-editor.default\">\n\t\t\t\t\t\t\t\t\t<p>We follow the wisdom and leadership of those closest to the challenges, co-designing solutions for sustainable change.<\/p>\t\t\t\t\t\t\t\t<\/div>\n\t\t\t\t<\/div>\n\t\t<div class=\"elementor-element elementor-element-393f129 .core-values-box e-transform e-con-full e-flex e-con e-child\" data-id=\"393f129\" data-element_type=\"container\" data-e-type=\"container\" data-settings=\"{&quot;background_background&quot;:&quot;classic&quot;,&quot;_transform_scale_effect_hover&quot;:{&quot;unit&quot;:&quot;px&quot;,&quot;size&quot;:1.05,&quot;sizes&quot;:[]},&quot;_transform_scale_effect_hover_laptop&quot;:{&quot;unit&quot;:&quot;px&quot;,&quot;size&quot;:&quot;&quot;,&quot;sizes&quot;:[]},&quot;_transform_scale_effect_hover_tablet&quot;:{&quot;unit&quot;:&quot;px&quot;,&quot;size&quot;:&quot;&quot;,&quot;sizes&quot;:[]},&quot;_transform_scale_effect_hover_mobile&quot;:{&quot;unit&quot;:&quot;px&quot;,&quot;size&quot;:&quot;&quot;,&quot;sizes&quot;:[]}}\">\n\t\t\t\t<div class=\"elementor-element elementor-element-57fa544 elementor-widget elementor-widget-heading\" data-id=\"57fa544\" data-element_type=\"widget\" data-e-type=\"widget\" data-widget_type=\"heading.default\">\n\t\t\t\t\t<h3 class=\"elementor-heading-title elementor-size-default\">Opportunity in Action<\/h3>\t\t\t\t<\/div>\n\t\t\t\t<div class=\"elementor-element elementor-element-19b9180 elementor-widget elementor-widget-text-editor\" data-id=\"19b9180\" data-element_type=\"widget\" data-e-type=\"widget\" data-widget_type=\"text-editor.default\">\n\t\t\t\t\t\t\t\t\tWe work to break down barriers and expand access in enriching connections and resources.\u200b\t\t\t\t\t\t\t\t<\/div>\n\t\t\t\t<\/div>\n\t\t<div class=\"elementor-element elementor-element-d2a0060 .core-values-box e-transform e-con-full e-flex e-con e-child\" data-id=\"d2a0060\" data-element_type=\"container\" data-e-type=\"container\" data-settings=\"{&quot;background_background&quot;:&quot;classic&quot;,&quot;_transform_scale_effect_hover&quot;:{&quot;unit&quot;:&quot;px&quot;,&quot;size&quot;:1.05,&quot;sizes&quot;:[]},&quot;_transform_scale_effect_hover_laptop&quot;:{&quot;unit&quot;:&quot;px&quot;,&quot;size&quot;:&quot;&quot;,&quot;sizes&quot;:[]},&quot;_transform_scale_effect_hover_tablet&quot;:{&quot;unit&quot;:&quot;px&quot;,&quot;size&quot;:&quot;&quot;,&quot;sizes&quot;:[]},&quot;_transform_scale_effect_hover_mobile&quot;:{&quot;unit&quot;:&quot;px&quot;,&quot;size&quot;:&quot;&quot;,&quot;sizes&quot;:[]}}\">\n\t\t\t\t<div class=\"elementor-element elementor-element-8ab0492 elementor-widget elementor-widget-heading\" data-id=\"8ab0492\" data-element_type=\"widget\" data-e-type=\"widget\" data-widget_type=\"heading.default\">\n\t\t\t\t\t<h3 class=\"elementor-heading-title elementor-size-default\">Genuine Partnerships<\/h3>\t\t\t\t<\/div>\n\t\t\t\t<div class=\"elementor-element elementor-element-7abd148 elementor-widget elementor-widget-text-editor\" data-id=\"7abd148\" data-element_type=\"widget\" data-e-type=\"widget\" data-widget_type=\"text-editor.default\">\n\t\t\t\t\t\t\t\t\tWe build and sustain relationships based on trust and fulfillment of a shared purpose.\u200b\t\t\t\t\t\t\t\t<\/div>\n\t\t\t\t<\/div>\n\t\t<div class=\"elementor-element elementor-element-ca9eee8 aCoreValues-Box-BottomLeft e-transform e-con-full e-flex e-con e-child\" data-id=\"ca9eee8\" data-element_type=\"container\" data-e-type=\"container\" data-settings=\"{&quot;background_background&quot;:&quot;classic&quot;,&quot;_transform_scale_effect_hover&quot;:{&quot;unit&quot;:&quot;px&quot;,&quot;size&quot;:1.05,&quot;sizes&quot;:[]},&quot;_transform_scale_effect_hover_laptop&quot;:{&quot;unit&quot;:&quot;px&quot;,&quot;size&quot;:&quot;&quot;,&quot;sizes&quot;:[]},&quot;_transform_scale_effect_hover_tablet&quot;:{&quot;unit&quot;:&quot;px&quot;,&quot;size&quot;:&quot;&quot;,&quot;sizes&quot;:[]},&quot;_transform_scale_effect_hover_mobile&quot;:{&quot;unit&quot;:&quot;px&quot;,&quot;size&quot;:&quot;&quot;,&quot;sizes&quot;:[]}}\">\n\t\t\t\t<div class=\"elementor-element elementor-element-97d2a35 elementor-widget elementor-widget-heading\" data-id=\"97d2a35\" data-element_type=\"widget\" data-e-type=\"widget\" data-widget_type=\"heading.default\">\n\t\t\t\t\t<h3 class=\"elementor-heading-title elementor-size-default\">Human Centered<\/h3>\t\t\t\t<\/div>\n\t\t\t\t<div class=\"elementor-element elementor-element-8321719 elementor-widget elementor-widget-text-editor\" data-id=\"8321719\" data-element_type=\"widget\" data-e-type=\"widget\" data-widget_type=\"text-editor.default\">\n\t\t\t\t\t\t\t\t\t<div>We lead with respect, thoughtfulness and compassion, prioritizing people, dignity, and relationships in<\/div><div>every decision we make.\u200b<\/div>\t\t\t\t\t\t\t\t<\/div>\n\t\t\t\t<\/div>\n\t\t<div class=\"elementor-element elementor-element-173d8cb .core-values-box e-transform e-con-full e-flex e-con e-child\" data-id=\"173d8cb\" data-element_type=\"container\" data-e-type=\"container\" data-settings=\"{&quot;background_background&quot;:&quot;classic&quot;,&quot;_transform_scale_effect_hover&quot;:{&quot;unit&quot;:&quot;px&quot;,&quot;size&quot;:1.05,&quot;sizes&quot;:[]},&quot;_transform_scale_effect_hover_laptop&quot;:{&quot;unit&quot;:&quot;px&quot;,&quot;size&quot;:&quot;&quot;,&quot;sizes&quot;:[]},&quot;_transform_scale_effect_hover_tablet&quot;:{&quot;unit&quot;:&quot;px&quot;,&quot;size&quot;:&quot;&quot;,&quot;sizes&quot;:[]},&quot;_transform_scale_effect_hover_mobile&quot;:{&quot;unit&quot;:&quot;px&quot;,&quot;size&quot;:&quot;&quot;,&quot;sizes&quot;:[]}}\">\n\t\t\t\t<div class=\"elementor-element elementor-element-6ada2d0 elementor-widget elementor-widget-heading\" data-id=\"6ada2d0\" data-element_type=\"widget\" data-e-type=\"widget\" data-widget_type=\"heading.default\">\n\t\t\t\t\t<h3 class=\"elementor-heading-title elementor-size-default\">Bold Possibility<\/h3>\t\t\t\t<\/div>\n\t\t\t\t<div class=\"elementor-element elementor-element-05a55c5 elementor-widget elementor-widget-text-editor\" data-id=\"05a55c5\" data-element_type=\"widget\" data-e-type=\"widget\" data-widget_type=\"text-editor.default\">\n\t\t\t\t\t\t\t\t\t<p>We envision a future defined by shared prosperity. We imagine and act with creativity and courage to create a region where all community members thrive.<\/p>\t\t\t\t\t\t\t\t<\/div>\n\t\t\t\t<\/div>\n\t\t<div class=\"elementor-element elementor-element-28e36ff .core-values-box e-transform e-con-full e-flex e-con e-child\" data-id=\"28e36ff\" data-element_type=\"container\" data-e-type=\"container\" data-settings=\"{&quot;background_background&quot;:&quot;classic&quot;,&quot;_transform_scale_effect_hover&quot;:{&quot;unit&quot;:&quot;px&quot;,&quot;size&quot;:1.05,&quot;sizes&quot;:[]},&quot;_transform_scale_effect_hover_laptop&quot;:{&quot;unit&quot;:&quot;px&quot;,&quot;size&quot;:&quot;&quot;,&quot;sizes&quot;:[]},&quot;_transform_scale_effect_hover_tablet&quot;:{&quot;unit&quot;:&quot;px&quot;,&quot;size&quot;:&quot;&quot;,&quot;sizes&quot;:[]},&quot;_transform_scale_effect_hover_mobile&quot;:{&quot;unit&quot;:&quot;px&quot;,&quot;size&quot;:&quot;&quot;,&quot;sizes&quot;:[]}}\">\n\t\t\t\t<div class=\"elementor-element elementor-element-5c76109 elementor-widget elementor-widget-text-editor\" data-id=\"5c76109\" data-element_type=\"widget\" data-e-type=\"widget\" data-widget_type=\"text-editor.default\">\n\t\t\t\t\t\t\t\t\t<p>Our values represent how we show up in every partnership, every program, every decision.<\/p>\t\t\t\t\t\t\t\t<\/div>\n\t\t\t\t<\/div>\n\t\t\t\t\t<\/div>\n\t\t\t\t<\/div>\n\t\t\t\t\t<\/div>\n\t\t\t\t<\/div>\n\t\t<div class=\"elementor-element elementor-element-4507645 e-flex e-con-boxed e-con e-parent\" data-id=\"4507645\" data-element_type=\"container\" data-e-type=\"container\" data-settings=\"{&quot;background_background&quot;:&quot;classic&quot;}\">\n\t\t\t\t\t<div class=\"e-con-inner\">\n\t\t<div class=\"elementor-element elementor-element-6fafb48 e-con-full e-flex e-con e-child\" data-id=\"6fafb48\" data-element_type=\"container\" data-e-type=\"container\">\n\t\t<div class=\"elementor-element elementor-element-7f7719e e-con-full e-flex e-con e-child\" data-id=\"7f7719e\" data-element_type=\"container\" data-e-type=\"container\" data-aos=\"fade-right\" data-aos-delay=\"0\">\n\t\t\t\t<div class=\"elementor-element elementor-element-349ed3e elementor-widget__width-inherit elementor-widget elementor-widget-heading\" data-id=\"349ed3e\" data-element_type=\"widget\" data-e-type=\"widget\" data-widget_type=\"heading.default\">\n\t\t\t\t\t<h2 class=\"elementor-heading-title elementor-size-default\">Conozca a las personas que impulsan el cambio<\/h2>\t\t\t\t<\/div>\n\t\t\t\t<div class=\"elementor-element elementor-element-ac4d01b elementor-widget elementor-widget-text-editor\" data-id=\"ac4d01b\" data-element_type=\"widget\" data-e-type=\"widget\" data-widget_type=\"text-editor.default\">\n\t\t\t\t\t\t\t\t\t<p>Conozca a los apasionados l\u00edderes y agentes de cambio locales que impulsan nuestra labor en todo el Tri\u00e1ngulo.<\/p>\t\t\t\t\t\t\t\t<\/div>\n\t\t\t\t<div class=\"elementor-element elementor-element-354aae7 elementor-widget elementor-widget-button\" data-id=\"354aae7\" data-element_type=\"widget\" data-e-type=\"widget\" data-widget_type=\"button.default\">\n\t\t\t\t\t\t\t\t\t\t<a class=\"elementor-button elementor-button-link elementor-size-sm\" href=\"https:\/\/unitedwaytriangle.org\/es\/team\/\">\n\t\t\t\t\t\t<span class=\"elementor-button-content-wrapper\">\n\t\t\t\t\t\t\t\t\t<span class=\"elementor-button-text\">Conoce a nuestro equipo<\/span>\n\t\t\t\t\t<\/span>\n\t\t\t\t\t<\/a>\n\t\t\t\t\t\t\t\t<\/div>\n\t\t\t\t<\/div>\n\t\t<div class=\"elementor-element elementor-element-04fafbc e-con-full e-flex e-con e-child\" data-id=\"04fafbc\" data-element_type=\"container\" data-e-type=\"container\" data-settings=\"{&quot;background_background&quot;:&quot;classic&quot;}\" data-aos=\"fade-up\" data-aos-delay=\"0\">\n\t\t\t\t<\/div>\n\t\t\t\t<\/div>\n\t\t\t\t\t<\/div>\n\t\t\t\t<\/div>\n\t\t\t\t<\/div>","protected":false},"excerpt":{"rendered":"<p>Our Mission We invest in, convene, and amplify community-driven solutions so everyone in the Triangle can thrive. About Us We bring people and resources together to solve complex challenges across Wake, Durham, Orange, and Johnston counties. We focus on what it takes for children to flourish, families to achieve stability, and communities to thrive.\u2028 By&hellip;<\/p>","protected":false},"author":6,"featured_media":5121,"parent":0,"menu_order":0,"comment_status":"closed","ping_status":"closed","template":"elementor_header_footer","meta":{"_acf_changed":false,"footnotes":""},"class_list":["post-5117","page","type-page","status-publish","has-post-thumbnail","hentry"],"acf":[],"yoast_head":"<!-- This site is optimized with the Yoast SEO plugin v27.3 - https:\/\/yoast.com\/product\/yoast-seo-wordpress\/ -->\n<title>Mission - United Way Greater Triangle<\/title>\n<meta name=\"description\" content=\"Our mission: empower Triangle communities to thrive through equity, partnerships, and community-led action.\" \/>\n<meta name=\"robots\" content=\"index, follow, max-snippet:-1, max-image-preview:large, max-video-preview:-1\" \/>\n<link rel=\"canonical\" href=\"https:\/\/unitedwaytriangle.org\/es\/mission\/\" \/>\n<meta property=\"og:locale\" content=\"es_MX\" \/>\n<meta property=\"og:type\" content=\"article\" \/>\n<meta property=\"og:title\" content=\"Mission - United Way Greater Triangle\" \/>\n<meta property=\"og:description\" content=\"Our mission: empower Triangle communities to thrive through equity, partnerships, and community-led action.\" \/>\n<meta property=\"og:url\" content=\"https:\/\/unitedwaytriangle.org\/es\/mission\/\" \/>\n<meta property=\"og:site_name\" content=\"United Way Greater Triangle\" \/>\n<meta property=\"article:modified_time\" content=\"2026-03-31T17:16:47+00:00\" \/>\n<meta property=\"og:image\" content=\"https:\/\/unitedwaytriangle.org\/wp-content\/uploads\/2025\/08\/9ea3219c4f3e91fc69bd1c299d7f7498c6ce4644.png\" \/>\n\t<meta property=\"og:image:width\" content=\"1180\" \/>\n\t<meta property=\"og:image:height\" content=\"846\" \/>\n\t<meta property=\"og:image:type\" content=\"image\/png\" \/>\n<meta name=\"twitter:card\" content=\"summary_large_image\" \/>\n<meta name=\"twitter:label1\" content=\"Est. reading time\" \/>\n\t<meta name=\"twitter:data1\" content=\"2 minutos\" \/>\n<script type=\"application\/ld+json\" class=\"yoast-schema-graph\">{\"@context\":\"https:\\\/\\\/schema.org\",\"@graph\":[{\"@type\":\"WebPage\",\"@id\":\"https:\\\/\\\/unitedwaytriangle.org\\\/mission\\\/\",\"url\":\"https:\\\/\\\/unitedwaytriangle.org\\\/mission\\\/\",\"name\":\"Mission - United Way Greater Triangle\",\"isPartOf\":{\"@id\":\"https:\\\/\\\/unitedwaytriangle.org\\\/#website\"},\"primaryImageOfPage\":{\"@id\":\"https:\\\/\\\/unitedwaytriangle.org\\\/mission\\\/#primaryimage\"},\"image\":{\"@id\":\"https:\\\/\\\/unitedwaytriangle.org\\\/mission\\\/#primaryimage\"},\"thumbnailUrl\":\"https:\\\/\\\/unitedwaytriangle.org\\\/wp-content\\\/uploads\\\/2025\\\/08\\\/9ea3219c4f3e91fc69bd1c299d7f7498c6ce4644.png\",\"datePublished\":\"2025-08-11T16:36:02+00:00\",\"dateModified\":\"2026-03-31T17:16:47+00:00\",\"description\":\"Our mission: empower Triangle communities to thrive through equity, partnerships, and community-led action.\",\"breadcrumb\":{\"@id\":\"https:\\\/\\\/unitedwaytriangle.org\\\/mission\\\/#breadcrumb\"},\"inLanguage\":\"es\",\"potentialAction\":[{\"@type\":\"ReadAction\",\"target\":[\"https:\\\/\\\/unitedwaytriangle.org\\\/mission\\\/\"]}]},{\"@type\":\"ImageObject\",\"inLanguage\":\"es\",\"@id\":\"https:\\\/\\\/unitedwaytriangle.org\\\/mission\\\/#primaryimage\",\"url\":\"https:\\\/\\\/unitedwaytriangle.org\\\/wp-content\\\/uploads\\\/2025\\\/08\\\/9ea3219c4f3e91fc69bd1c299d7f7498c6ce4644.png\",\"contentUrl\":\"https:\\\/\\\/unitedwaytriangle.org\\\/wp-content\\\/uploads\\\/2025\\\/08\\\/9ea3219c4f3e91fc69bd1c299d7f7498c6ce4644.png\",\"width\":1180,\"height\":846},{\"@type\":\"BreadcrumbList\",\"@id\":\"https:\\\/\\\/unitedwaytriangle.org\\\/mission\\\/#breadcrumb\",\"itemListElement\":[{\"@type\":\"ListItem\",\"position\":1,\"name\":\"Home\",\"item\":\"https:\\\/\\\/unitedwaytriangle.org\\\/\"},{\"@type\":\"ListItem\",\"position\":2,\"name\":\"Mission\"}]},{\"@type\":\"WebSite\",\"@id\":\"https:\\\/\\\/unitedwaytriangle.org\\\/#website\",\"url\":\"https:\\\/\\\/unitedwaytriangle.org\\\/\",\"name\":\"United Way Greater Triangle\",\"description\":\"Optimizing partnerships to advance racial &amp; economic justice\",\"publisher\":{\"@id\":\"https:\\\/\\\/unitedwaytriangle.org\\\/#organization\"},\"potentialAction\":[{\"@type\":\"SearchAction\",\"target\":{\"@type\":\"EntryPoint\",\"urlTemplate\":\"https:\\\/\\\/unitedwaytriangle.org\\\/?s={search_term_string}\"},\"query-input\":{\"@type\":\"PropertyValueSpecification\",\"valueRequired\":true,\"valueName\":\"search_term_string\"}}],\"inLanguage\":\"es\"},{\"@type\":\"Organization\",\"@id\":\"https:\\\/\\\/unitedwaytriangle.org\\\/#organization\",\"name\":\"United Way Greater Triangle\",\"url\":\"https:\\\/\\\/unitedwaytriangle.org\\\/\",\"logo\":{\"@type\":\"ImageObject\",\"inLanguage\":\"es\",\"@id\":\"https:\\\/\\\/unitedwaytriangle.org\\\/#\\\/schema\\\/logo\\\/image\\\/\",\"url\":\"https:\\\/\\\/unitedwaytriangle.org\\\/wp-content\\\/uploads\\\/2025\\\/08\\\/76699ef079766940532fccfb82e556ba57bdc6bb.png\",\"contentUrl\":\"https:\\\/\\\/unitedwaytriangle.org\\\/wp-content\\\/uploads\\\/2025\\\/08\\\/76699ef079766940532fccfb82e556ba57bdc6bb.png\",\"width\":1630,\"height\":546,\"caption\":\"United Way Greater Triangle\"},\"image\":{\"@id\":\"https:\\\/\\\/unitedwaytriangle.org\\\/#\\\/schema\\\/logo\\\/image\\\/\"}}]}<\/script>\n<!-- \/ Yoast SEO plugin. -->","yoast_head_json":{"title":"Misi\u00f3n - United Way Greater Triangle","description":"Nuestra misi\u00f3n: capacitar a las comunidades del Tri\u00e1ngulo para prosperar mediante la equidad, las asociaciones y la acci\u00f3n dirigida por la comunidad.","robots":{"index":"index","follow":"follow","max-snippet":"max-snippet:-1","max-image-preview":"max-image-preview:large","max-video-preview":"max-video-preview:-1"},"canonical":"https:\/\/unitedwaytriangle.org\/es\/mission\/","og_locale":"es_MX","og_type":"article","og_title":"Mission - United Way Greater Triangle","og_description":"Our mission: empower Triangle communities to thrive through equity, partnerships, and community-led action.","og_url":"https:\/\/unitedwaytriangle.org\/es\/mission\/","og_site_name":"United Way Greater Triangle","article_modified_time":"2026-03-31T17:16:47+00:00","og_image":[{"width":1180,"height":846,"url":"https:\/\/unitedwaytriangle.org\/wp-content\/uploads\/2025\/08\/9ea3219c4f3e91fc69bd1c299d7f7498c6ce4644.png","type":"image\/png"}],"twitter_card":"summary_large_image","twitter_misc":{"Est. reading time":"2 minutos"},"schema":{"@context":"https:\/\/schema.org","@graph":[{"@type":"WebPage","@id":"https:\/\/unitedwaytriangle.org\/mission\/","url":"https:\/\/unitedwaytriangle.org\/mission\/","name":"Misi\u00f3n - United Way Greater Triangle","isPartOf":{"@id":"https:\/\/unitedwaytriangle.org\/#website"},"primaryImageOfPage":{"@id":"https:\/\/unitedwaytriangle.org\/mission\/#primaryimage"},"image":{"@id":"https:\/\/unitedwaytriangle.org\/mission\/#primaryimage"},"thumbnailUrl":"https:\/\/unitedwaytriangle.org\/wp-content\/uploads\/2025\/08\/9ea3219c4f3e91fc69bd1c299d7f7498c6ce4644.png","datePublished":"2025-08-11T16:36:02+00:00","dateModified":"2026-03-31T17:16:47+00:00","description":"Nuestra misi\u00f3n: capacitar a las comunidades del Tri\u00e1ngulo para prosperar mediante la equidad, las asociaciones y la acci\u00f3n dirigida por la comunidad.","breadcrumb":{"@id":"https:\/\/unitedwaytriangle.org\/mission\/#breadcrumb"},"inLanguage":"es","potentialAction":[{"@type":"ReadAction","target":["https:\/\/unitedwaytriangle.org\/mission\/"]}]},{"@type":"ImageObject","inLanguage":"es","@id":"https:\/\/unitedwaytriangle.org\/mission\/#primaryimage","url":"https:\/\/unitedwaytriangle.org\/wp-content\/uploads\/2025\/08\/9ea3219c4f3e91fc69bd1c299d7f7498c6ce4644.png","contentUrl":"https:\/\/unitedwaytriangle.org\/wp-content\/uploads\/2025\/08\/9ea3219c4f3e91fc69bd1c299d7f7498c6ce4644.png","width":1180,"height":846},{"@type":"BreadcrumbList","@id":"https:\/\/unitedwaytriangle.org\/mission\/#breadcrumb","itemListElement":[{"@type":"ListItem","position":1,"name":"Home","item":"https:\/\/unitedwaytriangle.org\/"},{"@type":"ListItem","position":2,"name":"Mission"}]},{"@type":"WebSite","@id":"https:\/\/unitedwaytriangle.org\/#website","url":"https:\/\/unitedwaytriangle.org\/","name":"United Way Gran Tri\u00e1ngulo","description":"Optimizar las asociaciones para promover la justicia racial y econ\u00f3mica","publisher":{"@id":"https:\/\/unitedwaytriangle.org\/#organization"},"potentialAction":[{"@type":"SearchAction","target":{"@type":"EntryPoint","urlTemplate":"https:\/\/unitedwaytriangle.org\/?s={search_term_string}"},"query-input":{"@type":"PropertyValueSpecification","valueRequired":true,"valueName":"search_term_string"}}],"inLanguage":"es"},{"@type":"Organization","@id":"https:\/\/unitedwaytriangle.org\/#organization","name":"United Way Gran Tri\u00e1ngulo","url":"https:\/\/unitedwaytriangle.org\/","logo":{"@type":"ImageObject","inLanguage":"es","@id":"https:\/\/unitedwaytriangle.org\/#\/schema\/logo\/image\/","url":"https:\/\/unitedwaytriangle.org\/wp-content\/uploads\/2025\/08\/76699ef079766940532fccfb82e556ba57bdc6bb.png","contentUrl":"https:\/\/unitedwaytriangle.org\/wp-content\/uploads\/2025\/08\/76699ef079766940532fccfb82e556ba57bdc6bb.png","width":1630,"height":546,"caption":"United Way Greater Triangle"},"image":{"@id":"https:\/\/unitedwaytriangle.org\/#\/schema\/logo\/image\/"}}]}},"_links":{"self":[{"href":"https:\/\/unitedwaytriangle.org\/es\/wp-json\/wp\/v2\/pages\/5117","targetHints":{"allow":["GET"]}}],"collection":[{"href":"https:\/\/unitedwaytriangle.org\/es\/wp-json\/wp\/v2\/pages"}],"about":[{"href":"https:\/\/unitedwaytriangle.org\/es\/wp-json\/wp\/v2\/types\/page"}],"author":[{"embeddable":true,"href":"https:\/\/unitedwaytriangle.org\/es\/wp-json\/wp\/v2\/users\/6"}],"replies":[{"embeddable":true,"href":"https:\/\/unitedwaytriangle.org\/es\/wp-json\/wp\/v2\/comments?post=5117"}],"version-history":[{"count":0,"href":"https:\/\/unitedwaytriangle.org\/es\/wp-json\/wp\/v2\/pages\/5117\/revisions"}],"wp:featuredmedia":[{"embeddable":true,"href":"https:\/\/unitedwaytriangle.org\/es\/wp-json\/wp\/v2\/media\/5121"}],"wp:attachment":[{"href":"https:\/\/unitedwaytriangle.org\/es\/wp-json\/wp\/v2\/media?parent=5117"}],"curies":[{"name":"wp","href":"https:\/\/api.w.org\/{rel}","templated":true}]}}