{"id":5150,"date":"2025-08-19T20:21:26","date_gmt":"2025-08-19T20:21:26","guid":{"rendered":"https:\/\/unitedwaytriangle.org\/?page_id=5150"},"modified":"2025-10-03T18:42:37","modified_gmt":"2025-10-03T18:42:37","slug":"approach","status":"publish","type":"page","link":"https:\/\/unitedwaytriangle.org\/es\/approach\/","title":{"rendered":"Ac\u00e9rquese a"},"content":{"rendered":"<div data-elementor-type=\"wp-page\" data-elementor-id=\"5150\" class=\"elementor elementor-5150\" data-elementor-post-type=\"page\">\n\t\t\t\t<div class=\"elementor-element elementor-element-e6101f7 e-con-full e-flex e-con e-parent\" data-id=\"e6101f7\" data-element_type=\"container\" data-e-type=\"container\" data-settings=\"{&quot;background_background&quot;:&quot;classic&quot;}\">\n\t\t<div class=\"elementor-element elementor-element-caf39d2 e-con-full e-flex e-con e-child\" data-id=\"caf39d2\" data-element_type=\"container\" data-e-type=\"container\" data-aos=\"fade-right\" data-aos-delay=\"0\">\n\t\t\t\t<div class=\"elementor-element elementor-element-64a7361 elementor-widget elementor-widget-heading\" data-id=\"64a7361\" data-element_type=\"widget\" data-e-type=\"widget\" data-widget_type=\"heading.default\">\n\t\t\t\t\t<h1 class=\"elementor-heading-title elementor-size-default\">Nuestro enfoque<\/h1>\t\t\t\t<\/div>\n\t\t\t\t<div class=\"elementor-element elementor-element-67be199 elementor-widget elementor-widget-text-editor\" data-id=\"67be199\" data-element_type=\"widget\" data-e-type=\"widget\" data-widget_type=\"text-editor.default\">\n\t\t\t\t\t\t\t\t\t<p>Invertimos en grandes ideas, convocamos a los socios adecuados y amplificamos lo que funciona para impulsar un cambio duradero en todo el Gran Tri\u00e1ngulo.<\/p>\t\t\t\t\t\t\t\t<\/div>\n\t\t\t\t<\/div>\n\t\t\t\t<\/div>\n\t\t<div class=\"elementor-element elementor-element-8ebe62f e-flex e-con-boxed e-con e-parent\" data-id=\"8ebe62f\" data-element_type=\"container\" data-e-type=\"container\" data-settings=\"{&quot;background_background&quot;:&quot;classic&quot;}\">\n\t\t\t\t\t<div class=\"e-con-inner\">\n\t\t<div class=\"elementor-element elementor-element-0e66ff8 e-con-full e-flex e-con e-child\" data-id=\"0e66ff8\" data-element_type=\"container\" data-e-type=\"container\" data-settings=\"{&quot;background_background&quot;:&quot;classic&quot;}\">\n\t\t<div class=\"elementor-element elementor-element-5a0825b e-con-full e-flex e-con e-child\" data-id=\"5a0825b\" data-element_type=\"container\" data-e-type=\"container\" data-settings=\"{&quot;background_background&quot;:&quot;classic&quot;}\">\n\t\t\t\t<\/div>\n\t\t<div class=\"elementor-element elementor-element-e705f76 e-con-full e-flex e-con e-child\" data-id=\"e705f76\" data-element_type=\"container\" data-e-type=\"container\">\n\t\t\t\t<div class=\"elementor-element elementor-element-9d0d964 elementor-widget__width-inherit elementor-widget elementor-widget-heading\" data-id=\"9d0d964\" data-element_type=\"widget\" data-e-type=\"widget\" data-widget_type=\"heading.default\">\n\t\t\t\t\t<h2 class=\"elementor-heading-title elementor-size-default\">Invierta en<\/h2>\t\t\t\t<\/div>\n\t\t\t\t<div class=\"elementor-element elementor-element-0768b2f elementor-widget elementor-widget-text-editor\" data-id=\"0768b2f\" data-element_type=\"widget\" data-e-type=\"widget\" data-widget_type=\"text-editor.default\">\n\t\t\t\t\t\t\t\t\t<p><strong>Financiamos estrat\u00e9gicamente soluciones de gran repercusi\u00f3n dirigidas por la comunidad en \u00e1mbitos clave, como el desarrollo de la mano de obra, la estabilidad de la vivienda, el acceso a los alimentos, la atenci\u00f3n sanitaria, el desarrollo de la juventud y la respuesta a emergencias.<\/strong><\/p>\t\t\t\t\t\t\t\t<\/div>\n\t\t\t\t<div class=\"elementor-element elementor-element-c1e4b54 elementor-widget elementor-widget-text-editor\" data-id=\"c1e4b54\" data-element_type=\"widget\" data-e-type=\"widget\" data-widget_type=\"text-editor.default\">\n\t\t\t\t\t\t\t\t\t<p>Damos prioridad a las personas y comunidades m\u00e1s afectadas por la pobreza y el racismo. Nos centramos en organizaciones dirigidas por mujeres y l\u00edderes de color que enfocan su trabajo con un an\u00e1lisis de las causas profundas y de la equidad racial. Esto es imprescindible para fortalecer un ecosistema comunitario y sin \u00e1nimo de lucro que pueda fomentar la prosperidad y la autodeterminaci\u00f3n. En la b\u00fasqueda de ese objetivo, tambi\u00e9n reconocemos que las crisis y los s\u00edntomas cotidianos de la pobreza y el racismo requieren esfuerzos de estabilizaci\u00f3n para garantizar la seguridad, las necesidades b\u00e1sicas y las oportunidades para todos. Involucramos a los donantes y destinamos fondos a apoyar soluciones impulsadas por la comunidad de las siguientes maneras:<\/p>\t\t\t\t\t\t\t\t<\/div>\n\t\t\t\t<\/div>\n\t\t\t\t<\/div>\n\t\t\t\t\t<\/div>\n\t\t\t\t<\/div>\n\t\t<div class=\"elementor-element elementor-element-92fefaa e-flex e-con-boxed e-con e-parent\" data-id=\"92fefaa\" data-element_type=\"container\" data-e-type=\"container\">\n\t\t\t\t\t<div class=\"e-con-inner\">\n\t\t<div class=\"elementor-element elementor-element-7087f5e e-con-full e-flex e-con e-child\" data-id=\"7087f5e\" data-element_type=\"container\" data-e-type=\"container\" data-settings=\"{&quot;background_background&quot;:&quot;classic&quot;}\">\n\t\t\t\t<div class=\"elementor-element elementor-element-c556861 elementor-widget__width-initial elementor-widget elementor-widget-text-editor\" data-id=\"c556861\" data-element_type=\"widget\" data-e-type=\"widget\" data-widget_type=\"text-editor.default\">\n\t\t\t\t\t\t\t\t\t<p>\u201cUnited Way Greater Triangle es un incre\u00edble financiador de nuestros programas. Eso nos ayuda a cumplir nuestra misi\u00f3n de construir hogar, comunidad y esperanza.\u201d<\/p><p>\u00a0<\/p><p><strong>Jennifer Player, Presidenta y Directora General de H\u00e1bitat para la Humanidad del Condado de Orange, Carolina del Norte<\/strong><\/p>\t\t\t\t\t\t\t\t<\/div>\n\t\t\t\t<\/div>\n\t\t\t\t\t<\/div>\n\t\t\t\t<\/div>\n\t\t<div class=\"elementor-element elementor-element-f591dde e-flex e-con-boxed e-con e-parent\" data-id=\"f591dde\" data-element_type=\"container\" data-e-type=\"container\" data-settings=\"{&quot;background_background&quot;:&quot;classic&quot;}\">\n\t\t\t\t\t<div class=\"e-con-inner\">\n\t\t<div class=\"elementor-element elementor-element-b7ddf78 e-con-full e-flex e-con e-child\" data-id=\"b7ddf78\" data-element_type=\"container\" data-e-type=\"container\" data-settings=\"{&quot;background_background&quot;:&quot;classic&quot;}\">\n\t\t<div class=\"elementor-element elementor-element-682bb25 e-con-full e-flex e-con e-child\" data-id=\"682bb25\" data-element_type=\"container\" data-e-type=\"container\" data-settings=\"{&quot;background_background&quot;:&quot;classic&quot;}\">\n\t\t\t\t<\/div>\n\t\t<div class=\"elementor-element elementor-element-2a92a2c e-con-full e-flex e-con e-child\" data-id=\"2a92a2c\" data-element_type=\"container\" data-e-type=\"container\">\n\t\t\t\t<div class=\"elementor-element elementor-element-5801140 elementor-widget__width-inherit elementor-widget elementor-widget-heading\" data-id=\"5801140\" data-element_type=\"widget\" data-e-type=\"widget\" data-widget_type=\"heading.default\">\n\t\t\t\t\t<h2 class=\"elementor-heading-title elementor-size-default\">Convocar<\/h2>\t\t\t\t<\/div>\n\t\t\t\t<div class=\"elementor-element elementor-element-2601e8a elementor-widget elementor-widget-text-editor\" data-id=\"2601e8a\" data-element_type=\"widget\" data-e-type=\"widget\" data-widget_type=\"text-editor.default\">\n\t\t\t\t\t\t\t\t\t<p><b>Reunimos a socios empresariales, gobiernos locales, organizaciones sin \u00e1nimo de lucro y miembros de la comunidad para impulsar la acci\u00f3n colectiva ante los retos m\u00e1s acuciantes de nuestra regi\u00f3n.<\/b><\/p>\t\t\t\t\t\t\t\t<\/div>\n\t\t\t\t<div class=\"elementor-element elementor-element-39eb0a8 elementor-widget elementor-widget-text-editor\" data-id=\"39eb0a8\" data-element_type=\"widget\" data-e-type=\"widget\" data-widget_type=\"text-editor.default\">\n\t\t\t\t\t\t\t\t\t<p>Damos prioridad a las personas y comunidades m\u00e1s afectadas por la pobreza y el racismo. Nos centramos en organizaciones dirigidas por mujeres y l\u00edderes de color que enfocan su trabajo con un an\u00e1lisis de las causas profundas y de la equidad racial. Esto es imprescindible para fortalecer un ecosistema comunitario y sin \u00e1nimo de lucro que pueda fomentar la prosperidad y la autodeterminaci\u00f3n. En la b\u00fasqueda de ese objetivo, tambi\u00e9n reconocemos que las crisis y los s\u00edntomas cotidianos de la pobreza y el racismo requieren esfuerzos de estabilizaci\u00f3n para garantizar la seguridad, las necesidades b\u00e1sicas y las oportunidades para todos. Involucramos a los donantes y destinamos fondos a apoyar soluciones impulsadas por la comunidad de las siguientes maneras:<\/p>\t\t\t\t\t\t\t\t<\/div>\n\t\t\t\t<\/div>\n\t\t\t\t<\/div>\n\t\t\t\t\t<\/div>\n\t\t\t\t<\/div>\n\t\t<div class=\"elementor-element elementor-element-45d3790 e-flex e-con-boxed e-con e-parent\" data-id=\"45d3790\" data-element_type=\"container\" data-e-type=\"container\">\n\t\t\t\t\t<div class=\"e-con-inner\">\n\t\t<div class=\"elementor-element elementor-element-e13f4c5 e-con-full e-flex e-con e-child\" data-id=\"e13f4c5\" data-element_type=\"container\" data-e-type=\"container\" data-settings=\"{&quot;background_background&quot;:&quot;classic&quot;}\">\n\t\t\t\t<div class=\"elementor-element elementor-element-55cee05 elementor-widget__width-initial elementor-widget elementor-widget-text-editor\" data-id=\"55cee05\" data-element_type=\"widget\" data-e-type=\"widget\" data-widget_type=\"text-editor.default\">\n\t\t\t\t\t\t\t\t\t<p>\u201cUnited Way Greater Triangle es uno de esos socios de los que nunca quieres prescindir. Re\u00fanen a diferentes organizaciones para que podamos atender a m\u00e1s familias y m\u00e1s ni\u00f1os, y atenderlos mejor.\u201d<\/p><p><strong style=\"font-size: 3rem; letter-spacing: -0.03px;\">\u00a0<\/strong><\/p><p><b>Mamie Moore, Directora del Club, Boys &amp; Girls Clubs of Johnston County, NC<\/b><\/p>\t\t\t\t\t\t\t\t<\/div>\n\t\t\t\t<\/div>\n\t\t\t\t\t<\/div>\n\t\t\t\t<\/div>\n\t\t<div class=\"elementor-element elementor-element-c801a02 e-flex e-con-boxed e-con e-parent\" data-id=\"c801a02\" data-element_type=\"container\" data-e-type=\"container\" data-settings=\"{&quot;background_background&quot;:&quot;classic&quot;}\">\n\t\t\t\t\t<div class=\"e-con-inner\">\n\t\t<div class=\"elementor-element elementor-element-371b0f6 e-con-full e-flex e-con e-child\" data-id=\"371b0f6\" data-element_type=\"container\" data-e-type=\"container\" data-settings=\"{&quot;background_background&quot;:&quot;classic&quot;}\">\n\t\t<div class=\"elementor-element elementor-element-65122b5 e-con-full e-flex e-con e-child\" data-id=\"65122b5\" data-element_type=\"container\" data-e-type=\"container\" data-settings=\"{&quot;background_background&quot;:&quot;classic&quot;}\">\n\t\t\t\t<\/div>\n\t\t<div class=\"elementor-element elementor-element-42e198d e-con-full e-flex e-con e-child\" data-id=\"42e198d\" data-element_type=\"container\" data-e-type=\"container\">\n\t\t\t\t<div class=\"elementor-element elementor-element-34ff562 elementor-widget__width-inherit elementor-widget elementor-widget-heading\" data-id=\"34ff562\" data-element_type=\"widget\" data-e-type=\"widget\" data-widget_type=\"heading.default\">\n\t\t\t\t\t<h2 class=\"elementor-heading-title elementor-size-default\">Amplifique<\/h2>\t\t\t\t<\/div>\n\t\t\t\t<div class=\"elementor-element elementor-element-258572a elementor-widget elementor-widget-text-editor\" data-id=\"258572a\" data-element_type=\"widget\" data-e-type=\"widget\" data-widget_type=\"text-editor.default\">\n\t\t\t\t\t\t\t\t\t<p><strong>Elevamos las historias y los \u00e9xitos de nuestros socios comunitarios, utilizando nuestra plataforma para aumentar la concienciaci\u00f3n, atraer inversiones e impulsar la acci\u00f3n.<\/strong><\/p>\t\t\t\t\t\t\t\t<\/div>\n\t\t\t\t<div class=\"elementor-element elementor-element-05813e2 elementor-widget elementor-widget-text-editor\" data-id=\"05813e2\" data-element_type=\"widget\" data-e-type=\"widget\" data-widget_type=\"text-editor.default\">\n\t\t\t\t\t\t\t\t\t<p>Creemos en el poder de las historias para acercarnos a personas que no conocemos y transformar nuestra comprensi\u00f3n de lo que hace falta para que todos prosperen. Al tiempo que nos centramos en las vidas de las personas m\u00e1s afectadas por los problemas que tratamos de resolver, tambi\u00e9n destacamos las trayectorias de las partes interesadas de la comunidad, los socios y los donantes, narrando la variedad de funciones necesarias para lograr nuestra visi\u00f3n colectiva. Involucramos a los donantes y destinamos fondos a apoyar soluciones impulsadas por la comunidad de las siguientes maneras:<\/p>\t\t\t\t\t\t\t\t<\/div>\n\t\t\t\t<\/div>\n\t\t\t\t<\/div>\n\t\t\t\t\t<\/div>\n\t\t\t\t<\/div>\n\t\t<div class=\"elementor-element elementor-element-cb60e2d e-flex e-con-boxed e-con e-parent\" data-id=\"cb60e2d\" data-element_type=\"container\" data-e-type=\"container\">\n\t\t\t\t\t<div class=\"e-con-inner\">\n\t\t<div class=\"elementor-element elementor-element-f8ff9cf e-con-full e-flex e-con e-child\" data-id=\"f8ff9cf\" data-element_type=\"container\" data-e-type=\"container\" data-settings=\"{&quot;background_background&quot;:&quot;classic&quot;}\">\n\t\t\t\t<div class=\"elementor-element elementor-element-1ac50ca elementor-widget__width-initial elementor-widget elementor-widget-text-editor\" data-id=\"1ac50ca\" data-element_type=\"widget\" data-e-type=\"widget\" data-widget_type=\"text-editor.default\">\n\t\t\t\t\t\t\t\t\t<p>\u201cUnited Way Greater Triangle ha sido un socio incre\u00edble que nos ha ayudado a amplificar nuestro trabajo a los dem\u00e1s para que podamos obtener el apoyo que necesitamos para hacer este trabajo todos los d\u00edas. No solo nos han ayudado con la financiaci\u00f3n, sino que tambi\u00e9n nos ayudan a difundir nuestro mensaje, lo cual es muy importante.\u201d<\/p><p>\u00a0<\/p><p><b>Michelle Old, Fundadora y Directora General, Diaper Bank of NC<\/b><\/p>\t\t\t\t\t\t\t\t<\/div>\n\t\t\t\t<\/div>\n\t\t\t\t\t<\/div>\n\t\t\t\t<\/div>\n\t\t<div class=\"elementor-element elementor-element-e73bf3d e-con-full e-flex e-con e-parent\" data-id=\"e73bf3d\" data-element_type=\"container\" data-e-type=\"container\" data-settings=\"{&quot;background_background&quot;:&quot;classic&quot;}\">\n\t\t<div class=\"elementor-element elementor-element-2adf812 e-con-full e-flex e-con e-child\" data-id=\"2adf812\" data-element_type=\"container\" data-e-type=\"container\" data-aos=\"fade-right\" data-aos-delay=\"0\">\n\t\t\t\t<div class=\"elementor-element elementor-element-576d9d1 elementor-widget__width-initial elementor-widget-laptop__width-initial elementor-widget elementor-widget-heading\" data-id=\"576d9d1\" data-element_type=\"widget\" data-e-type=\"widget\" data-widget_type=\"heading.default\">\n\t\t\t\t\t<h2 class=\"elementor-heading-title elementor-size-default\">Vea qu\u00e9 impulsa nuestro impacto<\/h2>\t\t\t\t<\/div>\n\t\t\t\t<div class=\"elementor-element elementor-element-4c30f66 elementor-widget-laptop__width-initial elementor-widget__width-initial elementor-widget elementor-widget-text-editor\" data-id=\"4c30f66\" data-element_type=\"widget\" data-e-type=\"widget\" data-widget_type=\"text-editor.default\">\n\t\t\t\t\t\t\t\t\t<p>Desde la financiaci\u00f3n y el desarrollo del liderazgo hasta el cambio de sistemas y las asociaciones empresariales, vamos m\u00e1s all\u00e1 de las subvenciones para hacer avanzar la regi\u00f3n.<\/p>\t\t\t\t\t\t\t\t<\/div>\n\t\t\t\t<div class=\"elementor-element elementor-element-8343e93 elementor-widget elementor-widget-button\" data-id=\"8343e93\" data-element_type=\"widget\" data-e-type=\"widget\" data-widget_type=\"button.default\">\n\t\t\t\t\t\t\t\t\t\t<a class=\"elementor-button elementor-button-link elementor-size-sm\" href=\"https:\/\/unitedwaytriangle.org\/es\/impact\/\" target=\"_blank\">\n\t\t\t\t\t\t<span class=\"elementor-button-content-wrapper\">\n\t\t\t\t\t\t\t\t\t<span class=\"elementor-button-text\">Descubra c\u00f3mo trabajamos<\/span>\n\t\t\t\t\t<\/span>\n\t\t\t\t\t<\/a>\n\t\t\t\t\t\t\t\t<\/div>\n\t\t\t\t<\/div>\n\t\t<div class=\"elementor-element elementor-element-2980121 e-con-full e-flex e-con e-child\" data-id=\"2980121\" data-element_type=\"container\" data-e-type=\"container\" data-settings=\"{&quot;background_background&quot;:&quot;classic&quot;}\" data-aos=\"fade-right\" data-aos-delay=\"0\">\n\t\t\t\t<\/div>\n\t\t\t\t<\/div>\n\t\t\t\t<\/div>","protected":false},"excerpt":{"rendered":"<p>Nuestro enfoque Invertimos en grandes ideas, convocamos a los socios adecuados y amplificamos lo que funciona para impulsar un cambio duradero en el Gran Tri\u00e1ngulo. Invertimos Financiamos estrat\u00e9gicamente soluciones de gran impacto dirigidas por la comunidad en \u00e1reas clave, como el desarrollo de la mano de obra, la estabilidad de la vivienda, el acceso a los alimentos, la atenci\u00f3n sanitaria, el desarrollo de los j\u00f3venes y la respuesta a emergencias. Damos prioridad a las personas y comunidades m\u00e1s afectadas...<\/p>","protected":false},"author":6,"featured_media":0,"parent":0,"menu_order":0,"comment_status":"closed","ping_status":"closed","template":"elementor_header_footer","meta":{"_acf_changed":false,"footnotes":""},"class_list":["post-5150","page","type-page","status-publish","hentry"],"acf":[],"yoast_head":"<!-- This site is optimized with the Yoast SEO plugin v27.4 - https:\/\/yoast.com\/product\/yoast-seo-wordpress\/ -->\n<title>Approach - United Way Greater Triangle<\/title>\n<meta name=\"description\" content=\"We invest, convene, and amplify community-led solutions across the Triangle for lasting, equitable change.\" \/>\n<meta name=\"robots\" content=\"index, follow, max-snippet:-1, max-image-preview:large, max-video-preview:-1\" \/>\n<link rel=\"canonical\" href=\"https:\/\/unitedwaytriangle.org\/es\/approach\/\" \/>\n<meta property=\"og:locale\" content=\"es_MX\" \/>\n<meta property=\"og:type\" content=\"article\" \/>\n<meta property=\"og:title\" content=\"Approach - United Way Greater Triangle\" \/>\n<meta property=\"og:description\" content=\"We invest, convene, and amplify community-led solutions across the Triangle for lasting, equitable change.\" \/>\n<meta property=\"og:url\" content=\"https:\/\/unitedwaytriangle.org\/es\/approach\/\" \/>\n<meta property=\"og:site_name\" content=\"United Way Greater Triangle\" \/>\n<meta property=\"article:modified_time\" content=\"2025-10-03T18:42:37+00:00\" \/>\n<meta name=\"twitter:card\" content=\"summary_large_image\" \/>\n<meta name=\"twitter:label1\" content=\"Est. reading time\" \/>\n\t<meta name=\"twitter:data1\" content=\"3 minutos\" \/>\n<script type=\"application\/ld+json\" class=\"yoast-schema-graph\">{\"@context\":\"https:\\\/\\\/schema.org\",\"@graph\":[{\"@type\":\"WebPage\",\"@id\":\"https:\\\/\\\/unitedwaytriangle.org\\\/approach\\\/\",\"url\":\"https:\\\/\\\/unitedwaytriangle.org\\\/approach\\\/\",\"name\":\"Approach - United Way Greater Triangle\",\"isPartOf\":{\"@id\":\"https:\\\/\\\/unitedwaytriangle.org\\\/#website\"},\"datePublished\":\"2025-08-19T20:21:26+00:00\",\"dateModified\":\"2025-10-03T18:42:37+00:00\",\"description\":\"We invest, convene, and amplify community-led solutions across the Triangle for lasting, equitable change.\",\"breadcrumb\":{\"@id\":\"https:\\\/\\\/unitedwaytriangle.org\\\/approach\\\/#breadcrumb\"},\"inLanguage\":\"es\",\"potentialAction\":[{\"@type\":\"ReadAction\",\"target\":[\"https:\\\/\\\/unitedwaytriangle.org\\\/approach\\\/\"]}]},{\"@type\":\"BreadcrumbList\",\"@id\":\"https:\\\/\\\/unitedwaytriangle.org\\\/approach\\\/#breadcrumb\",\"itemListElement\":[{\"@type\":\"ListItem\",\"position\":1,\"name\":\"Home\",\"item\":\"https:\\\/\\\/unitedwaytriangle.org\\\/\"},{\"@type\":\"ListItem\",\"position\":2,\"name\":\"Approach\"}]},{\"@type\":\"WebSite\",\"@id\":\"https:\\\/\\\/unitedwaytriangle.org\\\/#website\",\"url\":\"https:\\\/\\\/unitedwaytriangle.org\\\/\",\"name\":\"United Way Greater Triangle\",\"description\":\"Optimizing partnerships to advance racial &amp; economic justice\",\"publisher\":{\"@id\":\"https:\\\/\\\/unitedwaytriangle.org\\\/#organization\"},\"potentialAction\":[{\"@type\":\"SearchAction\",\"target\":{\"@type\":\"EntryPoint\",\"urlTemplate\":\"https:\\\/\\\/unitedwaytriangle.org\\\/?s={search_term_string}\"},\"query-input\":{\"@type\":\"PropertyValueSpecification\",\"valueRequired\":true,\"valueName\":\"search_term_string\"}}],\"inLanguage\":\"es\"},{\"@type\":\"Organization\",\"@id\":\"https:\\\/\\\/unitedwaytriangle.org\\\/#organization\",\"name\":\"United Way Greater Triangle\",\"url\":\"https:\\\/\\\/unitedwaytriangle.org\\\/\",\"logo\":{\"@type\":\"ImageObject\",\"inLanguage\":\"es\",\"@id\":\"https:\\\/\\\/unitedwaytriangle.org\\\/#\\\/schema\\\/logo\\\/image\\\/\",\"url\":\"https:\\\/\\\/unitedwaytriangle.org\\\/wp-content\\\/uploads\\\/2025\\\/08\\\/76699ef079766940532fccfb82e556ba57bdc6bb.png\",\"contentUrl\":\"https:\\\/\\\/unitedwaytriangle.org\\\/wp-content\\\/uploads\\\/2025\\\/08\\\/76699ef079766940532fccfb82e556ba57bdc6bb.png\",\"width\":1630,\"height\":546,\"caption\":\"United Way Greater Triangle\"},\"image\":{\"@id\":\"https:\\\/\\\/unitedwaytriangle.org\\\/#\\\/schema\\\/logo\\\/image\\\/\"}}]}<\/script>\n<!-- \/ Yoast SEO plugin. -->","yoast_head_json":{"title":"Enfoque - United Way Greater Triangle","description":"Invertimos, convocamos y amplificamos soluciones comunitarias en todo el Tri\u00e1ngulo para lograr un cambio duradero y equitativo.","robots":{"index":"index","follow":"follow","max-snippet":"max-snippet:-1","max-image-preview":"max-image-preview:large","max-video-preview":"max-video-preview:-1"},"canonical":"https:\/\/unitedwaytriangle.org\/es\/approach\/","og_locale":"es_MX","og_type":"article","og_title":"Approach - United Way Greater Triangle","og_description":"We invest, convene, and amplify community-led solutions across the Triangle for lasting, equitable change.","og_url":"https:\/\/unitedwaytriangle.org\/es\/approach\/","og_site_name":"United Way Greater Triangle","article_modified_time":"2025-10-03T18:42:37+00:00","twitter_card":"summary_large_image","twitter_misc":{"Est. reading time":"3 minutos"},"schema":{"@context":"https:\/\/schema.org","@graph":[{"@type":"WebPage","@id":"https:\/\/unitedwaytriangle.org\/approach\/","url":"https:\/\/unitedwaytriangle.org\/approach\/","name":"Enfoque - United Way Greater Triangle","isPartOf":{"@id":"https:\/\/unitedwaytriangle.org\/#website"},"datePublished":"2025-08-19T20:21:26+00:00","dateModified":"2025-10-03T18:42:37+00:00","description":"Invertimos, convocamos y amplificamos soluciones comunitarias en todo el Tri\u00e1ngulo para lograr un cambio duradero y equitativo.","breadcrumb":{"@id":"https:\/\/unitedwaytriangle.org\/approach\/#breadcrumb"},"inLanguage":"es","potentialAction":[{"@type":"ReadAction","target":["https:\/\/unitedwaytriangle.org\/approach\/"]}]},{"@type":"BreadcrumbList","@id":"https:\/\/unitedwaytriangle.org\/approach\/#breadcrumb","itemListElement":[{"@type":"ListItem","position":1,"name":"Home","item":"https:\/\/unitedwaytriangle.org\/"},{"@type":"ListItem","position":2,"name":"Approach"}]},{"@type":"WebSite","@id":"https:\/\/unitedwaytriangle.org\/#website","url":"https:\/\/unitedwaytriangle.org\/","name":"United Way Gran Tri\u00e1ngulo","description":"Optimizar las asociaciones para promover la justicia racial y econ\u00f3mica","publisher":{"@id":"https:\/\/unitedwaytriangle.org\/#organization"},"potentialAction":[{"@type":"SearchAction","target":{"@type":"EntryPoint","urlTemplate":"https:\/\/unitedwaytriangle.org\/?s={search_term_string}"},"query-input":{"@type":"PropertyValueSpecification","valueRequired":true,"valueName":"search_term_string"}}],"inLanguage":"es"},{"@type":"Organization","@id":"https:\/\/unitedwaytriangle.org\/#organization","name":"United Way Gran Tri\u00e1ngulo","url":"https:\/\/unitedwaytriangle.org\/","logo":{"@type":"ImageObject","inLanguage":"es","@id":"https:\/\/unitedwaytriangle.org\/#\/schema\/logo\/image\/","url":"https:\/\/unitedwaytriangle.org\/wp-content\/uploads\/2025\/08\/76699ef079766940532fccfb82e556ba57bdc6bb.png","contentUrl":"https:\/\/unitedwaytriangle.org\/wp-content\/uploads\/2025\/08\/76699ef079766940532fccfb82e556ba57bdc6bb.png","width":1630,"height":546,"caption":"United Way Greater Triangle"},"image":{"@id":"https:\/\/unitedwaytriangle.org\/#\/schema\/logo\/image\/"}}]}},"_links":{"self":[{"href":"https:\/\/unitedwaytriangle.org\/es\/wp-json\/wp\/v2\/pages\/5150","targetHints":{"allow":["GET"]}}],"collection":[{"href":"https:\/\/unitedwaytriangle.org\/es\/wp-json\/wp\/v2\/pages"}],"about":[{"href":"https:\/\/unitedwaytriangle.org\/es\/wp-json\/wp\/v2\/types\/page"}],"author":[{"embeddable":true,"href":"https:\/\/unitedwaytriangle.org\/es\/wp-json\/wp\/v2\/users\/6"}],"replies":[{"embeddable":true,"href":"https:\/\/unitedwaytriangle.org\/es\/wp-json\/wp\/v2\/comments?post=5150"}],"version-history":[{"count":0,"href":"https:\/\/unitedwaytriangle.org\/es\/wp-json\/wp\/v2\/pages\/5150\/revisions"}],"wp:attachment":[{"href":"https:\/\/unitedwaytriangle.org\/es\/wp-json\/wp\/v2\/media?parent=5150"}],"curies":[{"name":"wp","href":"https:\/\/api.w.org\/{rel}","templated":true}]}}