{"id":5582,"date":"2025-09-11T03:37:23","date_gmt":"2025-09-11T03:37:23","guid":{"rendered":"https:\/\/unitedwaytriangle.org\/?page_id=5582"},"modified":"2025-10-03T18:45:22","modified_gmt":"2025-10-03T18:45:22","slug":"financials","status":"publish","type":"page","link":"https:\/\/unitedwaytriangle.org\/es\/financials\/","title":{"rendered":"Finanzas"},"content":{"rendered":"<div data-elementor-type=\"wp-page\" data-elementor-id=\"5582\" class=\"elementor elementor-5582\" data-elementor-post-type=\"page\">\n\t\t\t\t<div class=\"elementor-element elementor-element-d0c48f7 e-con-full e-flex e-con e-parent\" data-id=\"d0c48f7\" data-element_type=\"container\" data-e-type=\"container\" data-settings=\"{&quot;background_background&quot;:&quot;classic&quot;}\">\n\t\t<div class=\"elementor-element elementor-element-fc20d5e e-con-full e-flex e-con e-child\" data-id=\"fc20d5e\" data-element_type=\"container\" data-e-type=\"container\" data-aos=\"fade-right\" data-aos-delay=\"0\">\n\t\t\t\t<div class=\"elementor-element elementor-element-025fca5 elementor-widget elementor-widget-heading\" data-id=\"025fca5\" data-element_type=\"widget\" data-e-type=\"widget\" data-widget_type=\"heading.default\">\n\t\t\t\t\t<h2 class=\"elementor-heading-title elementor-size-default\">Finanzas<\/h2>\t\t\t\t<\/div>\n\t\t\t\t<div class=\"elementor-element elementor-element-0a1d8de elementor-widget__width-initial elementor-widget elementor-widget-text-editor\" data-id=\"0a1d8de\" data-element_type=\"widget\" data-e-type=\"widget\" data-widget_type=\"text-editor.default\">\n\t\t\t\t\t\t\t\t\tEstamos comprometidos con la transparencia y la rendici\u00f3n de cuentas a la hora de invertir nuestro generoso apoyo financiero en vivienda, educaci\u00f3n, sanidad y movilidad econ\u00f3mica en nuestra regi\u00f3n de cuatro condados.\t\t\t\t\t\t\t\t<\/div>\n\t\t\t\t<\/div>\n\t\t\t\t<\/div>\n\t\t<div class=\"elementor-element elementor-element-ba8b844 e-flex e-con-boxed e-con e-parent\" data-id=\"ba8b844\" data-element_type=\"container\" data-e-type=\"container\" data-settings=\"{&quot;background_background&quot;:&quot;classic&quot;}\">\n\t\t\t\t\t<div class=\"e-con-inner\">\n\t\t<div class=\"elementor-element elementor-element-87c2d98 e-grid e-con-full e-con e-child\" data-id=\"87c2d98\" data-element_type=\"container\" data-e-type=\"container\">\n\t\t<div class=\"elementor-element elementor-element-7346f52 e-con-full e-flex e-con e-child\" data-id=\"7346f52\" data-element_type=\"container\" data-e-type=\"container\" data-settings=\"{&quot;background_background&quot;:&quot;classic&quot;}\">\n\t\t\t\t<div class=\"elementor-element elementor-element-ffe72d4 elementor-widget elementor-widget-heading\" data-id=\"ffe72d4\" data-element_type=\"widget\" data-e-type=\"widget\" data-widget_type=\"heading.default\">\n\t\t\t\t\t<h3 class=\"elementor-heading-title elementor-size-default\">2024<\/h3>\t\t\t\t<\/div>\n\t\t\t\t<div class=\"elementor-element elementor-element-6d66bef elementor-align-justify elementor-widget elementor-widget-button\" data-id=\"6d66bef\" data-element_type=\"widget\" data-e-type=\"widget\" data-widget_type=\"button.default\">\n\t\t\t\t\t\t\t\t\t\t<a class=\"elementor-button elementor-button-link elementor-size-sm\" href=\"https:\/\/unitedwaytriangle.org\/wp-content\/uploads\/2025\/09\/United-Way-Impact-Report_Final-1.pdf\" target=\"_blank\">\n\t\t\t\t\t\t<span class=\"elementor-button-content-wrapper\">\n\t\t\t\t\t\t\t\t\t<span class=\"elementor-button-text\">Informe anual<\/span>\n\t\t\t\t\t<\/span>\n\t\t\t\t\t<\/a>\n\t\t\t\t\t\t\t\t<\/div>\n\t\t\t\t<div class=\"elementor-element elementor-element-0c423f9 elementor-align-justify elementor-widget elementor-widget-button\" data-id=\"0c423f9\" data-element_type=\"widget\" data-e-type=\"widget\" data-widget_type=\"button.default\">\n\t\t\t\t\t\t\t\t\t\t<a class=\"elementor-button elementor-button-link elementor-size-sm\" href=\"https:\/\/unitedwaytriangle.org\/wp-content\/uploads\/2025\/09\/United-Way-of-the-Greater-Triangle-Inc.-6-30-2024-FS.pdf\" target=\"_blank\">\n\t\t\t\t\t\t<span class=\"elementor-button-content-wrapper\">\n\t\t\t\t\t\t\t\t\t<span class=\"elementor-button-text\">Auditor\u00eda independiente<\/span>\n\t\t\t\t\t<\/span>\n\t\t\t\t\t<\/a>\n\t\t\t\t\t\t\t\t<\/div>\n\t\t\t\t<\/div>\n\t\t<div class=\"elementor-element elementor-element-bacf7a9 e-con-full e-flex e-con e-child\" data-id=\"bacf7a9\" data-element_type=\"container\" data-e-type=\"container\" data-settings=\"{&quot;background_background&quot;:&quot;classic&quot;}\">\n\t\t\t\t<div class=\"elementor-element elementor-element-704d880 elementor-widget elementor-widget-heading\" data-id=\"704d880\" data-element_type=\"widget\" data-e-type=\"widget\" data-widget_type=\"heading.default\">\n\t\t\t\t\t<h3 class=\"elementor-heading-title elementor-size-default\">2023<\/h3>\t\t\t\t<\/div>\n\t\t\t\t<div class=\"elementor-element elementor-element-6568c75 elementor-align-justify elementor-widget elementor-widget-button\" data-id=\"6568c75\" data-element_type=\"widget\" data-e-type=\"widget\" data-widget_type=\"button.default\">\n\t\t\t\t\t\t\t\t\t\t<a class=\"elementor-button elementor-button-link elementor-size-sm\" href=\"https:\/\/unitedwaytriangle.org\/wp-content\/uploads\/2025\/09\/BOI-2023_2024_revised.pdf\" target=\"_blank\">\n\t\t\t\t\t\t<span class=\"elementor-button-content-wrapper\">\n\t\t\t\t\t\t\t\t\t<span class=\"elementor-button-text\">Informe anual<\/span>\n\t\t\t\t\t<\/span>\n\t\t\t\t\t<\/a>\n\t\t\t\t\t\t\t\t<\/div>\n\t\t\t\t<div class=\"elementor-element elementor-element-7bd07ed elementor-align-justify elementor-widget elementor-widget-button\" data-id=\"7bd07ed\" data-element_type=\"widget\" data-e-type=\"widget\" data-widget_type=\"button.default\">\n\t\t\t\t\t\t\t\t\t\t<a class=\"elementor-button elementor-button-link elementor-size-sm\" href=\"https:\/\/unitedwaytriangle.org\/wp-content\/uploads\/2025\/09\/2023_United-Way-of-the-Greater-Triangle_Financial-Statement.pdf\" target=\"_blank\">\n\t\t\t\t\t\t<span class=\"elementor-button-content-wrapper\">\n\t\t\t\t\t\t\t\t\t<span class=\"elementor-button-text\">Auditor\u00eda independiente<\/span>\n\t\t\t\t\t<\/span>\n\t\t\t\t\t<\/a>\n\t\t\t\t\t\t\t\t<\/div>\n\t\t\t\t<\/div>\n\t\t<div class=\"elementor-element elementor-element-08b59b1 e-con-full e-flex e-con e-child\" data-id=\"08b59b1\" data-element_type=\"container\" data-e-type=\"container\" data-settings=\"{&quot;background_background&quot;:&quot;classic&quot;}\">\n\t\t\t\t<div class=\"elementor-element elementor-element-dffdb68 elementor-widget elementor-widget-heading\" data-id=\"dffdb68\" data-element_type=\"widget\" data-e-type=\"widget\" data-widget_type=\"heading.default\">\n\t\t\t\t\t<h3 class=\"elementor-heading-title elementor-size-default\">2022<\/h3>\t\t\t\t<\/div>\n\t\t\t\t<div class=\"elementor-element elementor-element-e1bc506 elementor-align-justify elementor-widget elementor-widget-button\" data-id=\"e1bc506\" data-element_type=\"widget\" data-e-type=\"widget\" data-widget_type=\"button.default\">\n\t\t\t\t\t\t\t\t\t\t<a class=\"elementor-button elementor-button-link elementor-size-sm\" href=\"https:\/\/unitedwaytriangle.org\/wp-content\/uploads\/2025\/09\/2022_BOI.pdf\" target=\"_blank\">\n\t\t\t\t\t\t<span class=\"elementor-button-content-wrapper\">\n\t\t\t\t\t\t\t\t\t<span class=\"elementor-button-text\">Informe anual<\/span>\n\t\t\t\t\t<\/span>\n\t\t\t\t\t<\/a>\n\t\t\t\t\t\t\t\t<\/div>\n\t\t\t\t<div class=\"elementor-element elementor-element-651ca27 elementor-align-justify elementor-widget elementor-widget-button\" data-id=\"651ca27\" data-element_type=\"widget\" data-e-type=\"widget\" data-widget_type=\"button.default\">\n\t\t\t\t\t\t\t\t\t\t<a class=\"elementor-button elementor-button-link elementor-size-sm\" href=\"https:\/\/unitedwaytriangle.org\/wp-content\/uploads\/2025\/09\/UWGT-Form-990-2022-Public-Inspection-Copy.pdf\" target=\"_blank\">\n\t\t\t\t\t\t<span class=\"elementor-button-content-wrapper\">\n\t\t\t\t\t\t\t\t\t<span class=\"elementor-button-text\"> IRS 990<\/span>\n\t\t\t\t\t<\/span>\n\t\t\t\t\t<\/a>\n\t\t\t\t\t\t\t\t<\/div>\n\t\t\t\t<div class=\"elementor-element elementor-element-c20ba9f elementor-align-justify elementor-widget elementor-widget-button\" data-id=\"c20ba9f\" data-element_type=\"widget\" data-e-type=\"widget\" data-widget_type=\"button.default\">\n\t\t\t\t\t\t\t\t\t\t<a class=\"elementor-button elementor-button-link elementor-size-sm\" href=\"https:\/\/unitedwaytriangle.org\/wp-content\/uploads\/2025\/09\/United-Way-of-the-Greater-Triangle-Inc.-6-30-2022-Audit-FS-1.pdf\" target=\"_blank\">\n\t\t\t\t\t\t<span class=\"elementor-button-content-wrapper\">\n\t\t\t\t\t\t\t\t\t<span class=\"elementor-button-text\">Auditor\u00eda independiente<\/span>\n\t\t\t\t\t<\/span>\n\t\t\t\t\t<\/a>\n\t\t\t\t\t\t\t\t<\/div>\n\t\t\t\t<\/div>\n\t\t<div class=\"elementor-element elementor-element-0678141 e-con-full e-flex e-con e-child\" data-id=\"0678141\" data-element_type=\"container\" data-e-type=\"container\" data-settings=\"{&quot;background_background&quot;:&quot;classic&quot;}\">\n\t\t\t\t<div class=\"elementor-element elementor-element-ed79fb9 elementor-widget elementor-widget-heading\" data-id=\"ed79fb9\" data-element_type=\"widget\" data-e-type=\"widget\" data-widget_type=\"heading.default\">\n\t\t\t\t\t<h3 class=\"elementor-heading-title elementor-size-default\">2021<\/h3>\t\t\t\t<\/div>\n\t\t\t\t<div class=\"elementor-element elementor-element-cab2684 elementor-align-justify elementor-widget elementor-widget-button\" data-id=\"cab2684\" data-element_type=\"widget\" data-e-type=\"widget\" data-widget_type=\"button.default\">\n\t\t\t\t\t\t\t\t\t\t<a class=\"elementor-button elementor-button-link elementor-size-sm\" href=\"https:\/\/unitedwaytriangle.org\/wp-content\/uploads\/2025\/09\/2021_BOI.pdf\" target=\"_blank\">\n\t\t\t\t\t\t<span class=\"elementor-button-content-wrapper\">\n\t\t\t\t\t\t\t\t\t<span class=\"elementor-button-text\">Informe anual<\/span>\n\t\t\t\t\t<\/span>\n\t\t\t\t\t<\/a>\n\t\t\t\t\t\t\t\t<\/div>\n\t\t\t\t<div class=\"elementor-element elementor-element-5d0157e elementor-align-justify elementor-widget elementor-widget-button\" data-id=\"5d0157e\" data-element_type=\"widget\" data-e-type=\"widget\" data-widget_type=\"button.default\">\n\t\t\t\t\t\t\t\t\t\t<a class=\"elementor-button elementor-button-link elementor-size-sm\" href=\"https:\/\/unitedwaytriangle.org\/wp-content\/uploads\/2025\/09\/2021-UWGT-990-Public-Disclosure.pdf\" target=\"_blank\">\n\t\t\t\t\t\t<span class=\"elementor-button-content-wrapper\">\n\t\t\t\t\t\t\t\t\t<span class=\"elementor-button-text\"> IRS 990<\/span>\n\t\t\t\t\t<\/span>\n\t\t\t\t\t<\/a>\n\t\t\t\t\t\t\t\t<\/div>\n\t\t\t\t<div class=\"elementor-element elementor-element-30f0702 elementor-align-justify elementor-widget elementor-widget-button\" data-id=\"30f0702\" data-element_type=\"widget\" data-e-type=\"widget\" data-widget_type=\"button.default\">\n\t\t\t\t\t\t\t\t\t\t<a class=\"elementor-button elementor-button-link elementor-size-sm\" href=\"https:\/\/unitedwaytriangle.org\/wp-content\/uploads\/2025\/09\/United-Way-of-the-Greater-Triangle-6-30-2021-Audit-FS-client.pdf\" target=\"_blank\">\n\t\t\t\t\t\t<span class=\"elementor-button-content-wrapper\">\n\t\t\t\t\t\t\t\t\t<span class=\"elementor-button-text\">Auditor\u00eda independiente<\/span>\n\t\t\t\t\t<\/span>\n\t\t\t\t\t<\/a>\n\t\t\t\t\t\t\t\t<\/div>\n\t\t\t\t<\/div>\n\t\t<div class=\"elementor-element elementor-element-489a362 e-con-full e-flex e-con e-child\" data-id=\"489a362\" data-element_type=\"container\" data-e-type=\"container\" data-settings=\"{&quot;background_background&quot;:&quot;classic&quot;}\">\n\t\t\t\t<div class=\"elementor-element elementor-element-b69f6ae elementor-widget elementor-widget-heading\" data-id=\"b69f6ae\" data-element_type=\"widget\" data-e-type=\"widget\" data-widget_type=\"heading.default\">\n\t\t\t\t\t<h3 class=\"elementor-heading-title elementor-size-default\">2020<\/h3>\t\t\t\t<\/div>\n\t\t\t\t<div class=\"elementor-element elementor-element-2a4c1ef elementor-align-justify elementor-widget elementor-widget-button\" data-id=\"2a4c1ef\" data-element_type=\"widget\" data-e-type=\"widget\" data-widget_type=\"button.default\">\n\t\t\t\t\t\t\t\t\t\t<a class=\"elementor-button elementor-button-link elementor-size-sm\" href=\"https:\/\/unitedwaytriangle.org\/wp-content\/uploads\/2025\/09\/UWGT-990-2020-Public-Disclosure-Copy-1.pdf\" target=\"_blank\">\n\t\t\t\t\t\t<span class=\"elementor-button-content-wrapper\">\n\t\t\t\t\t\t\t\t\t<span class=\"elementor-button-text\"> IRS 990<\/span>\n\t\t\t\t\t<\/span>\n\t\t\t\t\t<\/a>\n\t\t\t\t\t\t\t\t<\/div>\n\t\t\t\t<\/div>\n\t\t\t\t<\/div>\n\t\t\t\t\t<\/div>\n\t\t\t\t<\/div>\n\t\t\t\t<\/div>","protected":false},"excerpt":{"rendered":"<p>Finanzas Estamos comprometidos con la transparencia y la rendici\u00f3n de cuentas a medida que invertimos nuestro generoso apoyo financiero en vivienda, educaci\u00f3n, salud y movilidad econ\u00f3mica en nuestra regi\u00f3n de cuatro condados. 2024 Informe anual Auditor\u00eda independiente 2023 Informe anual Auditor\u00eda independiente 2022 Informe anual IRS 990 Auditor\u00eda independiente 2021 Informe anual IRS 990 Auditor\u00eda independiente 2020 IRS 990<\/p>","protected":false},"author":3,"featured_media":0,"parent":0,"menu_order":0,"comment_status":"closed","ping_status":"closed","template":"elementor_header_footer","meta":{"_acf_changed":false,"footnotes":""},"class_list":["post-5582","page","type-page","status-publish","hentry"],"acf":[],"yoast_head":"<!-- This site is optimized with the Yoast SEO plugin v27.4 - https:\/\/yoast.com\/product\/yoast-seo-wordpress\/ -->\n<title>Financials - United Way Greater Triangle<\/title>\n<meta name=\"description\" content=\"See how your support fuels impact \u2014 annual reports, audits &amp; IRS documents showcasing transparency in our region.\" \/>\n<meta name=\"robots\" content=\"index, follow, max-snippet:-1, max-image-preview:large, max-video-preview:-1\" \/>\n<link rel=\"canonical\" href=\"https:\/\/unitedwaytriangle.org\/es\/financials\/\" \/>\n<meta property=\"og:locale\" content=\"es_MX\" \/>\n<meta property=\"og:type\" content=\"article\" \/>\n<meta property=\"og:title\" content=\"Financials - United Way Greater Triangle\" \/>\n<meta property=\"og:description\" content=\"See how your support fuels impact \u2014 annual reports, audits &amp; IRS documents showcasing transparency in our region.\" \/>\n<meta property=\"og:url\" content=\"https:\/\/unitedwaytriangle.org\/es\/financials\/\" \/>\n<meta property=\"og:site_name\" content=\"United Way Greater Triangle\" \/>\n<meta property=\"article:modified_time\" content=\"2025-10-03T18:45:22+00:00\" \/>\n<meta name=\"twitter:card\" content=\"summary_large_image\" \/>\n<meta name=\"twitter:label1\" content=\"Est. reading time\" \/>\n\t<meta name=\"twitter:data1\" content=\"1 minuto\" \/>\n<script type=\"application\/ld+json\" class=\"yoast-schema-graph\">{\"@context\":\"https:\\\/\\\/schema.org\",\"@graph\":[{\"@type\":\"WebPage\",\"@id\":\"https:\\\/\\\/unitedwaytriangle.org\\\/financials\\\/\",\"url\":\"https:\\\/\\\/unitedwaytriangle.org\\\/financials\\\/\",\"name\":\"Financials - United Way Greater Triangle\",\"isPartOf\":{\"@id\":\"https:\\\/\\\/unitedwaytriangle.org\\\/#website\"},\"datePublished\":\"2025-09-11T03:37:23+00:00\",\"dateModified\":\"2025-10-03T18:45:22+00:00\",\"description\":\"See how your support fuels impact \u2014 annual reports, audits & IRS documents showcasing transparency in our region.\",\"breadcrumb\":{\"@id\":\"https:\\\/\\\/unitedwaytriangle.org\\\/financials\\\/#breadcrumb\"},\"inLanguage\":\"es\",\"potentialAction\":[{\"@type\":\"ReadAction\",\"target\":[\"https:\\\/\\\/unitedwaytriangle.org\\\/financials\\\/\"]}]},{\"@type\":\"BreadcrumbList\",\"@id\":\"https:\\\/\\\/unitedwaytriangle.org\\\/financials\\\/#breadcrumb\",\"itemListElement\":[{\"@type\":\"ListItem\",\"position\":1,\"name\":\"Home\",\"item\":\"https:\\\/\\\/unitedwaytriangle.org\\\/\"},{\"@type\":\"ListItem\",\"position\":2,\"name\":\"Financials\"}]},{\"@type\":\"WebSite\",\"@id\":\"https:\\\/\\\/unitedwaytriangle.org\\\/#website\",\"url\":\"https:\\\/\\\/unitedwaytriangle.org\\\/\",\"name\":\"United Way Greater Triangle\",\"description\":\"Optimizing partnerships to advance racial &amp; economic justice\",\"publisher\":{\"@id\":\"https:\\\/\\\/unitedwaytriangle.org\\\/#organization\"},\"potentialAction\":[{\"@type\":\"SearchAction\",\"target\":{\"@type\":\"EntryPoint\",\"urlTemplate\":\"https:\\\/\\\/unitedwaytriangle.org\\\/?s={search_term_string}\"},\"query-input\":{\"@type\":\"PropertyValueSpecification\",\"valueRequired\":true,\"valueName\":\"search_term_string\"}}],\"inLanguage\":\"es\"},{\"@type\":\"Organization\",\"@id\":\"https:\\\/\\\/unitedwaytriangle.org\\\/#organization\",\"name\":\"United Way Greater Triangle\",\"url\":\"https:\\\/\\\/unitedwaytriangle.org\\\/\",\"logo\":{\"@type\":\"ImageObject\",\"inLanguage\":\"es\",\"@id\":\"https:\\\/\\\/unitedwaytriangle.org\\\/#\\\/schema\\\/logo\\\/image\\\/\",\"url\":\"https:\\\/\\\/unitedwaytriangle.org\\\/wp-content\\\/uploads\\\/2025\\\/08\\\/76699ef079766940532fccfb82e556ba57bdc6bb.png\",\"contentUrl\":\"https:\\\/\\\/unitedwaytriangle.org\\\/wp-content\\\/uploads\\\/2025\\\/08\\\/76699ef079766940532fccfb82e556ba57bdc6bb.png\",\"width\":1630,\"height\":546,\"caption\":\"United Way Greater Triangle\"},\"image\":{\"@id\":\"https:\\\/\\\/unitedwaytriangle.org\\\/#\\\/schema\\\/logo\\\/image\\\/\"}}]}<\/script>\n<!-- \/ Yoast SEO plugin. -->","yoast_head_json":{"title":"Finanzas - United Way Greater Triangle","description":"Vea c\u00f3mo su apoyo genera impacto: informes anuales, auditor\u00edas y documentos del IRS que muestran la transparencia en nuestra regi\u00f3n.","robots":{"index":"index","follow":"follow","max-snippet":"max-snippet:-1","max-image-preview":"max-image-preview:large","max-video-preview":"max-video-preview:-1"},"canonical":"https:\/\/unitedwaytriangle.org\/es\/financials\/","og_locale":"es_MX","og_type":"article","og_title":"Financials - United Way Greater Triangle","og_description":"See how your support fuels impact \u2014 annual reports, audits & IRS documents showcasing transparency in our region.","og_url":"https:\/\/unitedwaytriangle.org\/es\/financials\/","og_site_name":"United Way Greater Triangle","article_modified_time":"2025-10-03T18:45:22+00:00","twitter_card":"summary_large_image","twitter_misc":{"Est. reading time":"1 minuto"},"schema":{"@context":"https:\/\/schema.org","@graph":[{"@type":"WebPage","@id":"https:\/\/unitedwaytriangle.org\/financials\/","url":"https:\/\/unitedwaytriangle.org\/financials\/","name":"Finanzas - United Way Greater Triangle","isPartOf":{"@id":"https:\/\/unitedwaytriangle.org\/#website"},"datePublished":"2025-09-11T03:37:23+00:00","dateModified":"2025-10-03T18:45:22+00:00","description":"Vea c\u00f3mo su apoyo genera impacto: informes anuales, auditor\u00edas y documentos del IRS que muestran la transparencia en nuestra regi\u00f3n.","breadcrumb":{"@id":"https:\/\/unitedwaytriangle.org\/financials\/#breadcrumb"},"inLanguage":"es","potentialAction":[{"@type":"ReadAction","target":["https:\/\/unitedwaytriangle.org\/financials\/"]}]},{"@type":"BreadcrumbList","@id":"https:\/\/unitedwaytriangle.org\/financials\/#breadcrumb","itemListElement":[{"@type":"ListItem","position":1,"name":"Home","item":"https:\/\/unitedwaytriangle.org\/"},{"@type":"ListItem","position":2,"name":"Financials"}]},{"@type":"WebSite","@id":"https:\/\/unitedwaytriangle.org\/#website","url":"https:\/\/unitedwaytriangle.org\/","name":"United Way Gran Tri\u00e1ngulo","description":"Optimizar las asociaciones para promover la justicia racial y econ\u00f3mica","publisher":{"@id":"https:\/\/unitedwaytriangle.org\/#organization"},"potentialAction":[{"@type":"SearchAction","target":{"@type":"EntryPoint","urlTemplate":"https:\/\/unitedwaytriangle.org\/?s={search_term_string}"},"query-input":{"@type":"PropertyValueSpecification","valueRequired":true,"valueName":"search_term_string"}}],"inLanguage":"es"},{"@type":"Organization","@id":"https:\/\/unitedwaytriangle.org\/#organization","name":"United Way Gran Tri\u00e1ngulo","url":"https:\/\/unitedwaytriangle.org\/","logo":{"@type":"ImageObject","inLanguage":"es","@id":"https:\/\/unitedwaytriangle.org\/#\/schema\/logo\/image\/","url":"https:\/\/unitedwaytriangle.org\/wp-content\/uploads\/2025\/08\/76699ef079766940532fccfb82e556ba57bdc6bb.png","contentUrl":"https:\/\/unitedwaytriangle.org\/wp-content\/uploads\/2025\/08\/76699ef079766940532fccfb82e556ba57bdc6bb.png","width":1630,"height":546,"caption":"United Way Greater Triangle"},"image":{"@id":"https:\/\/unitedwaytriangle.org\/#\/schema\/logo\/image\/"}}]}},"_links":{"self":[{"href":"https:\/\/unitedwaytriangle.org\/es\/wp-json\/wp\/v2\/pages\/5582","targetHints":{"allow":["GET"]}}],"collection":[{"href":"https:\/\/unitedwaytriangle.org\/es\/wp-json\/wp\/v2\/pages"}],"about":[{"href":"https:\/\/unitedwaytriangle.org\/es\/wp-json\/wp\/v2\/types\/page"}],"author":[{"embeddable":true,"href":"https:\/\/unitedwaytriangle.org\/es\/wp-json\/wp\/v2\/users\/3"}],"replies":[{"embeddable":true,"href":"https:\/\/unitedwaytriangle.org\/es\/wp-json\/wp\/v2\/comments?post=5582"}],"version-history":[{"count":0,"href":"https:\/\/unitedwaytriangle.org\/es\/wp-json\/wp\/v2\/pages\/5582\/revisions"}],"wp:attachment":[{"href":"https:\/\/unitedwaytriangle.org\/es\/wp-json\/wp\/v2\/media?parent=5582"}],"curies":[{"name":"wp","href":"https:\/\/api.w.org\/{rel}","templated":true}]}}