{"id":5757,"date":"2025-10-28T15:53:00","date_gmt":"2025-10-28T15:53:00","guid":{"rendered":"https:\/\/unitedwaytriangle.org\/?page_id=5757"},"modified":"2025-10-31T13:48:48","modified_gmt":"2025-10-31T13:48:48","slug":"privacy-policy","status":"publish","type":"page","link":"https:\/\/unitedwaytriangle.org\/es\/privacy-policy\/","title":{"rendered":"Pol\u00edtica de privacidad"},"content":{"rendered":"<div data-elementor-type=\"wp-page\" data-elementor-id=\"5757\" class=\"elementor elementor-5757\" data-elementor-post-type=\"page\">\n\t\t\t\t<div class=\"elementor-element elementor-element-29553e4 e-flex e-con-boxed e-con e-parent\" data-id=\"29553e4\" data-element_type=\"container\" data-e-type=\"container\" data-settings=\"{&quot;background_background&quot;:&quot;classic&quot;}\">\n\t\t\t\t\t<div class=\"e-con-inner\">\n\t\t<div class=\"elementor-element elementor-element-5359185 e-con-full e-flex e-con e-child\" data-id=\"5359185\" data-element_type=\"container\" data-e-type=\"container\">\n\t\t\t\t<div class=\"elementor-element elementor-element-69e9182 elementor-widget elementor-widget-heading\" data-id=\"69e9182\" data-element_type=\"widget\" data-e-type=\"widget\" data-widget_type=\"heading.default\">\n\t\t\t\t\t<h2 class=\"elementor-heading-title elementor-size-default\">Su confianza es nuestra m\u00e1xima prioridad<\/h2>\t\t\t\t<\/div>\n\t\t\t\t<div class=\"elementor-element elementor-element-5a0cd76 elementor-widget elementor-widget-spacer\" data-id=\"5a0cd76\" data-element_type=\"widget\" data-e-type=\"widget\" data-widget_type=\"spacer.default\">\n\t\t\t\t\t\t\t<div class=\"elementor-spacer\">\n\t\t\t<div class=\"elementor-spacer-inner\"><\/div>\n\t\t<\/div>\n\t\t\t\t\t\t<\/div>\n\t\t\t\t<div class=\"elementor-element elementor-element-5b4b929 privacy-policy-description elementor-widget elementor-widget-text-editor\" data-id=\"5b4b929\" data-element_type=\"widget\" data-e-type=\"widget\" data-widget_type=\"text-editor.default\">\n\t\t\t\t\t\t\t\t\t<p><strong>A continuaci\u00f3n le explicamos c\u00f3mo utilizamos las medidas de seguridad para mantener a salvo su informaci\u00f3n personal, independientemente de c\u00f3mo la recibamos.<\/strong><\/p>\t\t\t\t\t\t\t\t<\/div>\n\t\t\t\t<\/div>\n\t\t\t\t\t<\/div>\n\t\t\t\t<\/div>\n\t\t<div class=\"elementor-element elementor-element-7f341d3 faq-accordian e-flex e-con-boxed e-con e-parent\" data-id=\"7f341d3\" data-element_type=\"container\" data-e-type=\"container\">\n\t\t\t\t\t<div class=\"e-con-inner\">\n\t\t<div class=\"elementor-element elementor-element-faccbb8 e-con-full e-grid e-con e-child\" data-id=\"faccbb8\" data-element_type=\"container\" data-e-type=\"container\">\n\t\t\t\t<div class=\"elementor-element elementor-element-4b8c219 elementor-widget elementor-widget-text-editor\" data-id=\"4b8c219\" data-element_type=\"widget\" data-e-type=\"widget\" data-widget_type=\"text-editor.default\">\n\t\t\t\t\t\t\t\t\t<p><span style=\"font-size: 24px; display: block; margin-bottom: 15px; font-weight: bold;\">Informaci\u00f3n que recopilamos<\/span><\/p><p>Cuando se inscribe para recibir actualizaciones por correo electr\u00f3nico, le pedimos su nombre y direcci\u00f3n de correo electr\u00f3nico.<\/p><p>Cuando realice una donaci\u00f3n en l\u00ednea con tarjeta de cr\u00e9dito, deber\u00e1 facilitar su nombre, el n\u00famero de su tarjeta de cr\u00e9dito y los datos de facturaci\u00f3n a efectos de verificaci\u00f3n de la tarjeta de cr\u00e9dito. Esta informaci\u00f3n nos permite procesar y cumplir su donaci\u00f3n, notificarle el estado de su donaci\u00f3n o asociar su donaci\u00f3n a una campa\u00f1a de recaudaci\u00f3n de fondos concreta. Si desea donar de forma an\u00f3nima, ind\u00edquelo al cumplimentar el formulario de donaci\u00f3n. La informaci\u00f3n de pago que usted proporciona en nuestro sitio web al realizar una donaci\u00f3n es transmitida y almacenada de forma segura por nuestros procesadores de pagos Fiserv. En nuestra base de datos no se almacenan datos bancarios ni de tarjetas de cr\u00e9dito.<\/p><p>Cuando visita nuestro sitio web, su direcci\u00f3n IP es visible para nosotros y se utiliza junto con informaci\u00f3n no identificable personalmente, como el navegador, el sistema operativo, la URL de referencia, el pa\u00eds, la ubicaci\u00f3n y el comportamiento en el sitio. En ning\u00fan momento se vincula su direcci\u00f3n IP con nada que identifique personalmente al propietario de la misma.<\/p><p>United Way Greater Triangle recopila datos de identificaci\u00f3n personal a trav\u00e9s de nuestros sitios web y plataformas en l\u00ednea, tales como nombres, direcciones, c\u00f3digos postales, direcciones de correo electr\u00f3nico, etc., cuando son enviados por un visitante o proporcionados por el empleador de un visitante con el fin de llevar a cabo una campa\u00f1a en l\u00ednea. Por ejemplo, a trav\u00e9s de nuestro sitio web pueden recopilarse datos de identificaci\u00f3n personal para responder al deseo manifestado de dedicarnos tiempo como voluntario o de realizar un donativo en l\u00ednea. Esta informaci\u00f3n se utiliza exclusivamente para promover la misi\u00f3n de United Way Greater Triangle y se protege a toda costa.<\/p><p>Podemos utilizar cookies y tecnolog\u00edas similares, como p\u00edxeles de seguimiento, para acceder o almacenar informaci\u00f3n sobre patrones de tr\u00e1fico y comportamiento de los usuarios en el sitio. La tecnolog\u00eda de rastreo no recopila informaci\u00f3n personal.<\/p><div style=\"border-bottom: 2px solid #C7C7C7; margin-top: 50px; margin-bottom: 65px;\">\u00a0<\/div><p><span style=\"font-size: 24px; display: block; margin-bottom: 15px; font-weight: bold;\">Pol\u00edtica de exclusi\u00f3n voluntaria<\/span><\/p><p>Si en alg\u00fan momento desea interrumpir su relaci\u00f3n o parte de ella con United Way Greater Triangle, s\u00f3lo tiene que utilizar el enlace para darse de baja que encontrar\u00e1 al final de cualquier correo electr\u00f3nico que reciba, o ponerse en contacto con nosotros directamente en liveunited@unitedwaytriangle.org.<br \/>Corregir su informaci\u00f3n personal:<\/p><p>Si en alg\u00fan momento cree que la informaci\u00f3n recopilada por United Way es incorrecta o inapropiada, simplemente env\u00edenos un correo electr\u00f3nico a liveunited@unitedwaytriangle.org para que modifiquemos o eliminemos su informaci\u00f3n de nuestra base de datos.<\/p>\t\t\t\t\t\t\t\t<\/div>\n\t\t\t\t<div class=\"elementor-element elementor-element-0b3dcb4 elementor-widget elementor-widget-text-editor\" data-id=\"0b3dcb4\" data-element_type=\"widget\" data-e-type=\"widget\" data-widget_type=\"text-editor.default\">\n\t\t\t\t\t\t\t\t\t<p><span style=\"font-size: 24px; display: block; margin-bottom: 15px; font-weight: bold;\">Qu\u00e9 hacemos con su informaci\u00f3n<\/span><\/p><p>Su informaci\u00f3n personal se mantiene segura. S\u00f3lo los empleados, agentes y contratistas autorizados de United Way (que han acordado mantener la informaci\u00f3n segura y confidencial) tienen acceso a esta informaci\u00f3n.<\/p><p>United Way Greater Triangle nunca vender\u00e1 su informaci\u00f3n, ni la compartir\u00e1, alquilar\u00e1, prestar\u00e1 o dar\u00e1 a terceros a menos que est\u00e9n llevando a cabo actividades y funciones comerciales en nuestro nombre, como procesamiento de datos, prospecci\u00f3n de donantes, procesamiento de pagos, donaciones en l\u00ednea u otras funciones de apoyo comercial. En estos casos, los terceros est\u00e1n utilizando los datos para la \u00fanica funci\u00f3n de apoyo empresarial para la que fueron compartidos, y est\u00e1n obligados a firmar y aceptar un acuerdo de no divulgaci\u00f3n o de contratista con United Way Greater Triangle.<\/p><p>United Way Greater Triangle no se hace responsable de la conducta, acciones, omisiones o pr\u00e1cticas de manejo o difusi\u00f3n de informaci\u00f3n de terceros. Al igual que con cualquier informaci\u00f3n que facilite a trav\u00e9s de la web, lo hace por su cuenta y riesgo.<\/p><div style=\"border-bottom: 2px solid #C7C7C7; margin-top: 50px; margin-bottom: 65px;\">\u00a0<\/div><p><span style=\"font-size: 24px; display: block; margin-bottom: 15px; font-weight: bold;\">Aceptaci\u00f3n de la pol\u00edtica de privacidad<\/span><\/p><p>Al utilizar este sitio web (www.unitedwaytriangle.org) o cualquier otro portal, herramienta de donaci\u00f3n en l\u00ednea, voluntariado o compromiso, ya sea en l\u00ednea o fuera de l\u00ednea, operado o administrado por United Way Greater Triangle, usted indica que acepta esta Pol\u00edtica de privacidad. Publicaremos cualquier cambio en la Pol\u00edtica de Privacidad en esta p\u00e1gina, junto con la fecha de su \u00faltima actualizaci\u00f3n.<\/p><p>Si tiene preguntas o comentarios sobre esta pol\u00edtica, p\u00f3ngase en contacto con nosotros en liveunited@unitedwaytriangle.org o por correo postal a<\/p><p><strong>United Way Gran Tri\u00e1ngulo<\/strong><br \/><strong>Apartado de correos 110583<\/strong><br \/><strong>Durham, NC 27709<\/strong><\/p>\t\t\t\t\t\t\t\t<\/div>\n\t\t\t\t<\/div>\n\t\t\t\t\t<\/div>\n\t\t\t\t<\/div>\n\t\t<div class=\"elementor-element elementor-element-dd72f1c e-con-full e-flex e-con e-parent\" data-id=\"dd72f1c\" data-element_type=\"container\" data-e-type=\"container\">\n\t\t\t\t<div class=\"elementor-element elementor-element-933abb7 elementor-widget elementor-widget-image\" data-id=\"933abb7\" data-element_type=\"widget\" data-e-type=\"widget\" data-widget_type=\"image.default\">\n\t\t\t\t\t\t\t\t\t\t\t\t\t\t\t<img fetchpriority=\"high\" decoding=\"async\" width=\"1440\" height=\"449\" src=\"https:\/\/unitedwaytriangle.org\/wp-content\/uploads\/2025\/10\/UnitedWay_graphic_ArcScalable_RGB-2.svg\" class=\"attachment-large size-large wp-image-5758\" alt=\"\" \/>\t\t\t\t\t\t\t\t\t\t\t\t\t\t\t<\/div>\n\t\t\t\t<\/div>\n\t\t\t\t<\/div>","protected":false},"excerpt":{"rendered":"<p>Su confianza es nuestra m\u00e1xima prioridad A continuaci\u00f3n le explicamos c\u00f3mo utilizamos las medidas de seguridad para mantener a salvo su informaci\u00f3n personal, independientemente de c\u00f3mo la recibamos. Informaci\u00f3n que recopilamos Cuando se suscribe para recibir actualizaciones por correo electr\u00f3nico, le pedimos su nombre de contacto y direcci\u00f3n de correo electr\u00f3nico. Cuando realiza una donaci\u00f3n en l\u00ednea con tarjeta de cr\u00e9dito,...<\/p>","protected":false},"author":6,"featured_media":0,"parent":0,"menu_order":0,"comment_status":"closed","ping_status":"closed","template":"elementor_header_footer","meta":{"_acf_changed":false,"footnotes":""},"class_list":["post-5757","page","type-page","status-publish","hentry"],"acf":[],"yoast_head":"<!-- This site is optimized with the Yoast SEO plugin v27.4 - https:\/\/yoast.com\/product\/yoast-seo-wordpress\/ -->\n<title>Privacy Policy - United Way Greater Triangle<\/title>\n<meta name=\"robots\" content=\"index, follow, max-snippet:-1, max-image-preview:large, max-video-preview:-1\" \/>\n<link rel=\"canonical\" href=\"https:\/\/unitedwaytriangle.org\/es\/privacy-policy\/\" \/>\n<meta property=\"og:locale\" content=\"es_MX\" \/>\n<meta property=\"og:type\" content=\"article\" \/>\n<meta property=\"og:title\" content=\"Privacy Policy - United Way Greater Triangle\" \/>\n<meta property=\"og:description\" content=\"Your Trust is a Top Priority Here\u2019s how we\u2019re utilizing security measures to keep your personal information secure, regardless of how we receive it. Information We Gather When you sign up to receive e-mail updates, we ask for your contact name and e-mail address. When you donate online by credit card, you must submit your&hellip;\" \/>\n<meta property=\"og:url\" content=\"https:\/\/unitedwaytriangle.org\/es\/privacy-policy\/\" \/>\n<meta property=\"og:site_name\" content=\"United Way Greater Triangle\" \/>\n<meta property=\"article:modified_time\" content=\"2025-10-31T13:48:48+00:00\" \/>\n<meta name=\"twitter:card\" content=\"summary_large_image\" \/>\n<meta name=\"twitter:label1\" content=\"Est. reading time\" \/>\n\t<meta name=\"twitter:data1\" content=\"3 minutos\" \/>\n<script type=\"application\/ld+json\" class=\"yoast-schema-graph\">{\"@context\":\"https:\\\/\\\/schema.org\",\"@graph\":[{\"@type\":\"WebPage\",\"@id\":\"https:\\\/\\\/unitedwaytriangle.org\\\/privacy-policy\\\/\",\"url\":\"https:\\\/\\\/unitedwaytriangle.org\\\/privacy-policy\\\/\",\"name\":\"Privacy Policy - United Way Greater Triangle\",\"isPartOf\":{\"@id\":\"https:\\\/\\\/unitedwaytriangle.org\\\/#website\"},\"primaryImageOfPage\":{\"@id\":\"https:\\\/\\\/unitedwaytriangle.org\\\/privacy-policy\\\/#primaryimage\"},\"image\":{\"@id\":\"https:\\\/\\\/unitedwaytriangle.org\\\/privacy-policy\\\/#primaryimage\"},\"thumbnailUrl\":\"https:\\\/\\\/unitedwaytriangle.org\\\/wp-content\\\/uploads\\\/2025\\\/10\\\/UnitedWay_graphic_ArcScalable_RGB-2.svg\",\"datePublished\":\"2025-10-28T15:53:00+00:00\",\"dateModified\":\"2025-10-31T13:48:48+00:00\",\"breadcrumb\":{\"@id\":\"https:\\\/\\\/unitedwaytriangle.org\\\/privacy-policy\\\/#breadcrumb\"},\"inLanguage\":\"es\",\"potentialAction\":[{\"@type\":\"ReadAction\",\"target\":[\"https:\\\/\\\/unitedwaytriangle.org\\\/privacy-policy\\\/\"]}]},{\"@type\":\"ImageObject\",\"inLanguage\":\"es\",\"@id\":\"https:\\\/\\\/unitedwaytriangle.org\\\/privacy-policy\\\/#primaryimage\",\"url\":\"https:\\\/\\\/unitedwaytriangle.org\\\/wp-content\\\/uploads\\\/2025\\\/10\\\/UnitedWay_graphic_ArcScalable_RGB-2.svg\",\"contentUrl\":\"https:\\\/\\\/unitedwaytriangle.org\\\/wp-content\\\/uploads\\\/2025\\\/10\\\/UnitedWay_graphic_ArcScalable_RGB-2.svg\"},{\"@type\":\"BreadcrumbList\",\"@id\":\"https:\\\/\\\/unitedwaytriangle.org\\\/privacy-policy\\\/#breadcrumb\",\"itemListElement\":[{\"@type\":\"ListItem\",\"position\":1,\"name\":\"Home\",\"item\":\"https:\\\/\\\/unitedwaytriangle.org\\\/\"},{\"@type\":\"ListItem\",\"position\":2,\"name\":\"Privacy Policy\"}]},{\"@type\":\"WebSite\",\"@id\":\"https:\\\/\\\/unitedwaytriangle.org\\\/#website\",\"url\":\"https:\\\/\\\/unitedwaytriangle.org\\\/\",\"name\":\"United Way Greater Triangle\",\"description\":\"Optimizing partnerships to advance racial &amp; economic justice\",\"publisher\":{\"@id\":\"https:\\\/\\\/unitedwaytriangle.org\\\/#organization\"},\"potentialAction\":[{\"@type\":\"SearchAction\",\"target\":{\"@type\":\"EntryPoint\",\"urlTemplate\":\"https:\\\/\\\/unitedwaytriangle.org\\\/?s={search_term_string}\"},\"query-input\":{\"@type\":\"PropertyValueSpecification\",\"valueRequired\":true,\"valueName\":\"search_term_string\"}}],\"inLanguage\":\"es\"},{\"@type\":\"Organization\",\"@id\":\"https:\\\/\\\/unitedwaytriangle.org\\\/#organization\",\"name\":\"United Way Greater Triangle\",\"url\":\"https:\\\/\\\/unitedwaytriangle.org\\\/\",\"logo\":{\"@type\":\"ImageObject\",\"inLanguage\":\"es\",\"@id\":\"https:\\\/\\\/unitedwaytriangle.org\\\/#\\\/schema\\\/logo\\\/image\\\/\",\"url\":\"https:\\\/\\\/unitedwaytriangle.org\\\/wp-content\\\/uploads\\\/2025\\\/08\\\/76699ef079766940532fccfb82e556ba57bdc6bb.png\",\"contentUrl\":\"https:\\\/\\\/unitedwaytriangle.org\\\/wp-content\\\/uploads\\\/2025\\\/08\\\/76699ef079766940532fccfb82e556ba57bdc6bb.png\",\"width\":1630,\"height\":546,\"caption\":\"United Way Greater Triangle\"},\"image\":{\"@id\":\"https:\\\/\\\/unitedwaytriangle.org\\\/#\\\/schema\\\/logo\\\/image\\\/\"}}]}<\/script>\n<!-- \/ Yoast SEO plugin. -->","yoast_head_json":{"title":"Pol\u00edtica de privacidad - United Way Greater Triangle","robots":{"index":"index","follow":"follow","max-snippet":"max-snippet:-1","max-image-preview":"max-image-preview:large","max-video-preview":"max-video-preview:-1"},"canonical":"https:\/\/unitedwaytriangle.org\/es\/privacy-policy\/","og_locale":"es_MX","og_type":"article","og_title":"Privacy Policy - United Way Greater Triangle","og_description":"Your Trust is a Top Priority Here\u2019s how we\u2019re utilizing security measures to keep your personal information secure, regardless of how we receive it. Information We Gather When you sign up to receive e-mail updates, we ask for your contact name and e-mail address. When you donate online by credit card, you must submit your&hellip;","og_url":"https:\/\/unitedwaytriangle.org\/es\/privacy-policy\/","og_site_name":"United Way Greater Triangle","article_modified_time":"2025-10-31T13:48:48+00:00","twitter_card":"summary_large_image","twitter_misc":{"Est. reading time":"3 minutos"},"schema":{"@context":"https:\/\/schema.org","@graph":[{"@type":"WebPage","@id":"https:\/\/unitedwaytriangle.org\/privacy-policy\/","url":"https:\/\/unitedwaytriangle.org\/privacy-policy\/","name":"Pol\u00edtica de privacidad - United Way Greater Triangle","isPartOf":{"@id":"https:\/\/unitedwaytriangle.org\/#website"},"primaryImageOfPage":{"@id":"https:\/\/unitedwaytriangle.org\/privacy-policy\/#primaryimage"},"image":{"@id":"https:\/\/unitedwaytriangle.org\/privacy-policy\/#primaryimage"},"thumbnailUrl":"https:\/\/unitedwaytriangle.org\/wp-content\/uploads\/2025\/10\/UnitedWay_graphic_ArcScalable_RGB-2.svg","datePublished":"2025-10-28T15:53:00+00:00","dateModified":"2025-10-31T13:48:48+00:00","breadcrumb":{"@id":"https:\/\/unitedwaytriangle.org\/privacy-policy\/#breadcrumb"},"inLanguage":"es","potentialAction":[{"@type":"ReadAction","target":["https:\/\/unitedwaytriangle.org\/privacy-policy\/"]}]},{"@type":"ImageObject","inLanguage":"es","@id":"https:\/\/unitedwaytriangle.org\/privacy-policy\/#primaryimage","url":"https:\/\/unitedwaytriangle.org\/wp-content\/uploads\/2025\/10\/UnitedWay_graphic_ArcScalable_RGB-2.svg","contentUrl":"https:\/\/unitedwaytriangle.org\/wp-content\/uploads\/2025\/10\/UnitedWay_graphic_ArcScalable_RGB-2.svg"},{"@type":"BreadcrumbList","@id":"https:\/\/unitedwaytriangle.org\/privacy-policy\/#breadcrumb","itemListElement":[{"@type":"ListItem","position":1,"name":"Home","item":"https:\/\/unitedwaytriangle.org\/"},{"@type":"ListItem","position":2,"name":"Privacy Policy"}]},{"@type":"WebSite","@id":"https:\/\/unitedwaytriangle.org\/#website","url":"https:\/\/unitedwaytriangle.org\/","name":"United Way Gran Tri\u00e1ngulo","description":"Optimizar las asociaciones para promover la justicia racial y econ\u00f3mica","publisher":{"@id":"https:\/\/unitedwaytriangle.org\/#organization"},"potentialAction":[{"@type":"SearchAction","target":{"@type":"EntryPoint","urlTemplate":"https:\/\/unitedwaytriangle.org\/?s={search_term_string}"},"query-input":{"@type":"PropertyValueSpecification","valueRequired":true,"valueName":"search_term_string"}}],"inLanguage":"es"},{"@type":"Organization","@id":"https:\/\/unitedwaytriangle.org\/#organization","name":"United Way Gran Tri\u00e1ngulo","url":"https:\/\/unitedwaytriangle.org\/","logo":{"@type":"ImageObject","inLanguage":"es","@id":"https:\/\/unitedwaytriangle.org\/#\/schema\/logo\/image\/","url":"https:\/\/unitedwaytriangle.org\/wp-content\/uploads\/2025\/08\/76699ef079766940532fccfb82e556ba57bdc6bb.png","contentUrl":"https:\/\/unitedwaytriangle.org\/wp-content\/uploads\/2025\/08\/76699ef079766940532fccfb82e556ba57bdc6bb.png","width":1630,"height":546,"caption":"United Way Greater Triangle"},"image":{"@id":"https:\/\/unitedwaytriangle.org\/#\/schema\/logo\/image\/"}}]}},"_links":{"self":[{"href":"https:\/\/unitedwaytriangle.org\/es\/wp-json\/wp\/v2\/pages\/5757","targetHints":{"allow":["GET"]}}],"collection":[{"href":"https:\/\/unitedwaytriangle.org\/es\/wp-json\/wp\/v2\/pages"}],"about":[{"href":"https:\/\/unitedwaytriangle.org\/es\/wp-json\/wp\/v2\/types\/page"}],"author":[{"embeddable":true,"href":"https:\/\/unitedwaytriangle.org\/es\/wp-json\/wp\/v2\/users\/6"}],"replies":[{"embeddable":true,"href":"https:\/\/unitedwaytriangle.org\/es\/wp-json\/wp\/v2\/comments?post=5757"}],"version-history":[{"count":0,"href":"https:\/\/unitedwaytriangle.org\/es\/wp-json\/wp\/v2\/pages\/5757\/revisions"}],"wp:attachment":[{"href":"https:\/\/unitedwaytriangle.org\/es\/wp-json\/wp\/v2\/media?parent=5757"}],"curies":[{"name":"wp","href":"https:\/\/api.w.org\/{rel}","templated":true}]}}